{"id":21189,"date":"2024-10-02T14:57:07","date_gmt":"2024-10-02T11:57:07","guid":{"rendered":"https:\/\/aladeeb-coffee.com\/product\/aladeeb-kahvesi-500g-kakuleli-18-adet-tek-icimlik-kahve-cesitleri-hediye-2\/"},"modified":"2025-02-15T13:45:01","modified_gmt":"2025-02-15T10:45:01","slug":"aladeeb-kahvesi-500g-kakuleli-18-adet-tek-icimlik-kahve-cesitleri-hediye-2","status":"publish","type":"product","link":"https:\/\/expert-int.com.nl\/tr\/urun\/aladeeb-kahvesi-500g-kakuleli-18-adet-tek-icimlik-kahve-cesitleri-hediye-2\/","title":{"rendered":"ALADEEB KAHVES\u0130 500G KAKULEL\u0130 + 18 ADET TEK \u0130\u00c7\u0130ML\u0130K KAHVE \u00c7E\u015e\u0130TLER\u0130 HED\u0130YE"},"content":{"rendered":"<p>Aladeeb Kakuleli\u0307 Kahve 500g+Tek I\u0307\u00e7i\u0307mli\u0307k T\u00fcrk Kahvesi\u0307 6g. 18l\u00fc :Aladeeb Sade Kahve 6g\u00a0 3l\u00fcAladeeb Kakuleli\u0307 Kahve 6g 3l\u00fcAladeeb Kahve Ekstra Kakuleli\u0307 6g\u00a0 3l\u00fcAladeeb L\u00fcks Kahve 6g\u00a0 3l\u00fcDamla Sakiz Aromali Tek I\u0307\u00e7i\u0307mli\u0307k T\u00fcrk Kahvesi\u0307 6g 6l\u00fc<\/p>\n","protected":false},"excerpt":{"rendered":"<p>Aladeeb Kakuleli\u0307 Kahve 500g+Tek I\u0307\u00e7i\u0307mli\u0307k T\u00fcrk Kahvesi\u0307 6g. 18l\u00fc :Aladeeb Sade Kahve 6g\u00a0 3l\u00fcAladeeb Kakuleli\u0307 Kahve 6g 3l\u00fcAladeeb Kahve Ekstra Kakuleli\u0307 6g\u00a0 3l\u00fcAladeeb L\u00fcks Kahve 6g\u00a0 3l\u00fcDamla Sakiz Aromali Tek I\u0307\u00e7i\u0307mli\u0307k T\u00fcrk Kahvesi\u0307 6g 6l\u00fc<\/p>\n","protected":false},"featured_media":21186,"comment_status":"open","ping_status":"closed","template":"","meta":{"_joinchat":[]},"product_brand":[],"product_cat":[324],"product_tag":[],"class_list":{"0":"post-21189","1":"product","2":"type-product","3":"status-publish","4":"has-post-thumbnail","6":"product_cat-kahve-tr","8":"first","9":"instock","10":"shipping-taxable","11":"purchasable","12":"product-type-simple"},"etheme_brands":{"errors":{"invalid_taxonomy":["S\u0131n\u0131fland\u0131rma ge\u00e7ersiz."]},"error_data":[]},"_links":{"self":[{"href":"https:\/\/expert-int.com.nl\/tr\/wp-json\/wp\/v2\/product\/21189","targetHints":{"allow":["GET"]}}],"collection":[{"href":"https:\/\/expert-int.com.nl\/tr\/wp-json\/wp\/v2\/product"}],"about":[{"href":"https:\/\/expert-int.com.nl\/tr\/wp-json\/wp\/v2\/types\/product"}],"replies":[{"embeddable":true,"href":"https:\/\/expert-int.com.nl\/tr\/wp-json\/wp\/v2\/comments?post=21189"}],"version-history":[{"count":1,"href":"https:\/\/expert-int.com.nl\/tr\/wp-json\/wp\/v2\/product\/21189\/revisions"}],"predecessor-version":[{"id":21201,"href":"https:\/\/expert-int.com.nl\/tr\/wp-json\/wp\/v2\/product\/21189\/revisions\/21201"}],"wp:featuredmedia":[{"embeddable":true,"href":"https:\/\/expert-int.com.nl\/tr\/wp-json\/wp\/v2\/media\/21186"}],"wp:attachment":[{"href":"https:\/\/expert-int.com.nl\/tr\/wp-json\/wp\/v2\/media?parent=21189"}],"wp:term":[{"taxonomy":"product_brand","embeddable":true,"href":"https:\/\/expert-int.com.nl\/tr\/wp-json\/wp\/v2\/product_brand?post=21189"},{"taxonomy":"product_cat","embeddable":true,"href":"https:\/\/expert-int.com.nl\/tr\/wp-json\/wp\/v2\/product_cat?post=21189"},{"taxonomy":"product_tag","embeddable":true,"href":"https:\/\/expert-int.com.nl\/tr\/wp-json\/wp\/v2\/product_tag?post=21189"}],"curies":[{"name":"wp","href":"https:\/\/api.w.org\/{rel}","templated":true}]}}