{"id":21174,"date":"2024-10-02T13:35:21","date_gmt":"2024-10-02T10:35:21","guid":{"rendered":"https:\/\/aladeeb-coffee.com\/product\/filtre-kahve-1-kg-2\/"},"modified":"2025-01-17T21:40:34","modified_gmt":"2025-01-17T18:40:34","slug":"filtre-kahve-1-kg-2","status":"publish","type":"product","link":"https:\/\/expert-int.com.nl\/tr\/urun\/filtre-kahve-1-kg-2\/","title":{"rendered":"F\u0130LTRE KAHVE 1 Kg"},"content":{"rendered":"<p>ALADEEB F\u0130LTRE KAHVE 1 Kg<\/p>\n","protected":false},"excerpt":{"rendered":"<p>ALADEEB F\u0130LTRE KAHVE 1 Kg<\/p>\n","protected":false},"featured_media":21171,"comment_status":"open","ping_status":"closed","template":"","meta":{"_joinchat":[]},"product_brand":[],"product_cat":[288],"product_tag":[],"class_list":{"0":"post-21174","1":"product","2":"type-product","3":"status-publish","4":"has-post-thumbnail","6":"product_cat-filtre-kahve","8":"first","9":"instock","10":"sale","11":"shipping-taxable","12":"purchasable","13":"product-type-simple"},"etheme_brands":{"errors":{"invalid_taxonomy":["S\u0131n\u0131fland\u0131rma ge\u00e7ersiz."]},"error_data":[]},"_links":{"self":[{"href":"https:\/\/expert-int.com.nl\/tr\/wp-json\/wp\/v2\/product\/21174","targetHints":{"allow":["GET"]}}],"collection":[{"href":"https:\/\/expert-int.com.nl\/tr\/wp-json\/wp\/v2\/product"}],"about":[{"href":"https:\/\/expert-int.com.nl\/tr\/wp-json\/wp\/v2\/types\/product"}],"replies":[{"embeddable":true,"href":"https:\/\/expert-int.com.nl\/tr\/wp-json\/wp\/v2\/comments?post=21174"}],"version-history":[{"count":1,"href":"https:\/\/expert-int.com.nl\/tr\/wp-json\/wp\/v2\/product\/21174\/revisions"}],"predecessor-version":[{"id":21175,"href":"https:\/\/expert-int.com.nl\/tr\/wp-json\/wp\/v2\/product\/21174\/revisions\/21175"}],"wp:featuredmedia":[{"embeddable":true,"href":"https:\/\/expert-int.com.nl\/tr\/wp-json\/wp\/v2\/media\/21171"}],"wp:attachment":[{"href":"https:\/\/expert-int.com.nl\/tr\/wp-json\/wp\/v2\/media?parent=21174"}],"wp:term":[{"taxonomy":"product_brand","embeddable":true,"href":"https:\/\/expert-int.com.nl\/tr\/wp-json\/wp\/v2\/product_brand?post=21174"},{"taxonomy":"product_cat","embeddable":true,"href":"https:\/\/expert-int.com.nl\/tr\/wp-json\/wp\/v2\/product_cat?post=21174"},{"taxonomy":"product_tag","embeddable":true,"href":"https:\/\/expert-int.com.nl\/tr\/wp-json\/wp\/v2\/product_tag?post=21174"}],"curies":[{"name":"wp","href":"https:\/\/api.w.org\/{rel}","templated":true}]}}