{"id":21163,"date":"2024-08-30T19:58:43","date_gmt":"2024-08-30T16:58:43","guid":{"rendered":"https:\/\/aladeeb-coffee.com\/product\/kabse-baharati-50-gram\/"},"modified":"2025-02-21T18:52:25","modified_gmt":"2025-02-21T15:52:25","slug":"kabse-baharati-50-gram","status":"publish","type":"product","link":"https:\/\/expert-int.com.nl\/tr\/urun\/kabse-baharati-50-gram\/","title":{"rendered":"KABSE BAHARATI  50 gram"},"content":{"rendered":"<p>KABSE BAHARATI\u00a0 50 gram<\/p>\n","protected":false},"excerpt":{"rendered":"<p>KABSE BAHARATI\u00a0 50 gram<\/p>\n","protected":false},"featured_media":21160,"comment_status":"open","ping_status":"closed","template":"","meta":{"_joinchat":[]},"product_brand":[],"product_cat":[356],"product_tag":[],"class_list":{"0":"post-21163","1":"product","2":"type-product","3":"status-publish","4":"has-post-thumbnail","6":"product_cat-baharatlar","8":"first","9":"instock","10":"sale","11":"shipping-taxable","12":"purchasable","13":"product-type-simple"},"etheme_brands":{"errors":{"invalid_taxonomy":["S\u0131n\u0131fland\u0131rma ge\u00e7ersiz."]},"error_data":[]},"_links":{"self":[{"href":"https:\/\/expert-int.com.nl\/tr\/wp-json\/wp\/v2\/product\/21163","targetHints":{"allow":["GET"]}}],"collection":[{"href":"https:\/\/expert-int.com.nl\/tr\/wp-json\/wp\/v2\/product"}],"about":[{"href":"https:\/\/expert-int.com.nl\/tr\/wp-json\/wp\/v2\/types\/product"}],"replies":[{"embeddable":true,"href":"https:\/\/expert-int.com.nl\/tr\/wp-json\/wp\/v2\/comments?post=21163"}],"version-history":[{"count":0,"href":"https:\/\/expert-int.com.nl\/tr\/wp-json\/wp\/v2\/product\/21163\/revisions"}],"wp:featuredmedia":[{"embeddable":true,"href":"https:\/\/expert-int.com.nl\/tr\/wp-json\/wp\/v2\/media\/21160"}],"wp:attachment":[{"href":"https:\/\/expert-int.com.nl\/tr\/wp-json\/wp\/v2\/media?parent=21163"}],"wp:term":[{"taxonomy":"product_brand","embeddable":true,"href":"https:\/\/expert-int.com.nl\/tr\/wp-json\/wp\/v2\/product_brand?post=21163"},{"taxonomy":"product_cat","embeddable":true,"href":"https:\/\/expert-int.com.nl\/tr\/wp-json\/wp\/v2\/product_cat?post=21163"},{"taxonomy":"product_tag","embeddable":true,"href":"https:\/\/expert-int.com.nl\/tr\/wp-json\/wp\/v2\/product_tag?post=21163"}],"curies":[{"name":"wp","href":"https:\/\/api.w.org\/{rel}","templated":true}]}}