{"id":21147,"date":"2024-08-30T19:40:44","date_gmt":"2024-08-30T16:40:44","guid":{"rendered":"https:\/\/aladeeb-coffee.com\/product\/krespi-tavuk-baharati-pane-50g\/"},"modified":"2025-02-15T19:54:04","modified_gmt":"2025-02-15T16:54:04","slug":"krespi-tavuk-baharati-pane-50g","status":"publish","type":"product","link":"https:\/\/expert-int.com.nl\/tr\/urun\/krespi-tavuk-baharati-pane-50g\/","title":{"rendered":"KRESPI TAVUK BAHARATI (Pane ) 50g"},"content":{"rendered":"<p><!--td {border: 1px solid #cccccc;}br {mso-data-placement:same-cell;}--><br \/>\nKRESPI BAHARAT 50gram<\/p>\n","protected":false},"excerpt":{"rendered":"<p>KRESPI BAHARAT 50gram<\/p>\n","protected":false},"featured_media":21144,"comment_status":"open","ping_status":"closed","template":"","meta":{"_joinchat":[]},"product_brand":[],"product_cat":[356],"product_tag":[],"class_list":{"0":"post-21147","1":"product","2":"type-product","3":"status-publish","4":"has-post-thumbnail","6":"product_cat-baharatlar","8":"first","9":"instock","10":"sale","11":"shipping-taxable","12":"purchasable","13":"product-type-simple"},"etheme_brands":{"errors":{"invalid_taxonomy":["S\u0131n\u0131fland\u0131rma ge\u00e7ersiz."]},"error_data":[]},"_links":{"self":[{"href":"https:\/\/expert-int.com.nl\/tr\/wp-json\/wp\/v2\/product\/21147","targetHints":{"allow":["GET"]}}],"collection":[{"href":"https:\/\/expert-int.com.nl\/tr\/wp-json\/wp\/v2\/product"}],"about":[{"href":"https:\/\/expert-int.com.nl\/tr\/wp-json\/wp\/v2\/types\/product"}],"replies":[{"embeddable":true,"href":"https:\/\/expert-int.com.nl\/tr\/wp-json\/wp\/v2\/comments?post=21147"}],"version-history":[{"count":1,"href":"https:\/\/expert-int.com.nl\/tr\/wp-json\/wp\/v2\/product\/21147\/revisions"}],"predecessor-version":[{"id":21181,"href":"https:\/\/expert-int.com.nl\/tr\/wp-json\/wp\/v2\/product\/21147\/revisions\/21181"}],"wp:featuredmedia":[{"embeddable":true,"href":"https:\/\/expert-int.com.nl\/tr\/wp-json\/wp\/v2\/media\/21144"}],"wp:attachment":[{"href":"https:\/\/expert-int.com.nl\/tr\/wp-json\/wp\/v2\/media?parent=21147"}],"wp:term":[{"taxonomy":"product_brand","embeddable":true,"href":"https:\/\/expert-int.com.nl\/tr\/wp-json\/wp\/v2\/product_brand?post=21147"},{"taxonomy":"product_cat","embeddable":true,"href":"https:\/\/expert-int.com.nl\/tr\/wp-json\/wp\/v2\/product_cat?post=21147"},{"taxonomy":"product_tag","embeddable":true,"href":"https:\/\/expert-int.com.nl\/tr\/wp-json\/wp\/v2\/product_tag?post=21147"}],"curies":[{"name":"wp","href":"https:\/\/api.w.org\/{rel}","templated":true}]}}