{"id":20921,"date":"2024-03-18T16:50:08","date_gmt":"2024-03-18T13:50:08","guid":{"rendered":"https:\/\/aladeeb-coffee.com\/product\/kuru-molehiya-yapragi\/"},"modified":"2025-02-02T19:24:37","modified_gmt":"2025-02-02T16:24:37","slug":"kuru-molehiya-yapragi","status":"publish","type":"product","link":"https:\/\/expert-int.com.nl\/tr\/urun\/kuru-molehiya-yapragi\/","title":{"rendered":"KURU MOLEHIYA YAPRA\u011eI 200 GR"},"content":{"rendered":"<p>KURU MOLEHIYA YAPRA\u011eI 200gr<br \/>\n\u00a0<br \/>\n\u00a0<br \/>\nMolehiya\u00a0veya\u00a0Molohiya\u00a0<br \/>\nOrta Do\u011fu\u00a0ile\u00a0Do\u011fu\u00a0ve\u00a0Kuzey Afrika\u00a0mutfaklar\u0131nda, \u00f6zel olarak yeti\u015ftirilen\u00a0molehiya\u00a0bitkisinin yapraklar\u0131 ile yap\u0131lan bir yemek<br \/>\n\u00e7e\u015fidi.\u00a0K\u0131br\u0131s T\u00fcrk mutfa\u011f\u0131nda, yaz\u0131n kuru\u00a0 tulup bir m\u00fcddet sakland\u0131ktan sonra sonra kuzu eti veya tavuk etiyle pi\u015firilen molehiya, servisi \u00e7ukur tabakta pilav ve tur\u015fuyla yap\u0131lan bir yemektir. Molehiya otunun kurutulmu\u015f haldeki kokusu k\u0131na otuna benzemektedir.<\/p>\n","protected":false},"excerpt":{"rendered":"<p>KURU MOLEHIYA YAPRA\u011eI 200gr \u00a0 \u00a0 Molehiya\u00a0veya\u00a0Molohiya\u00a0 Orta Do\u011fu\u00a0ile\u00a0Do\u011fu\u00a0ve\u00a0Kuzey Afrika\u00a0mutfaklar\u0131nda, \u00f6zel olarak yeti\u015ftirilen\u00a0molehiya\u00a0bitkisinin yapraklar\u0131 ile yap\u0131lan bir yemek \u00e7e\u015fidi.\u00a0K\u0131br\u0131s T\u00fcrk mutfa\u011f\u0131nda, yaz\u0131n kuru\u00a0 tulup bir m\u00fcddet sakland\u0131ktan sonra sonra kuzu eti veya tavuk etiyle pi\u015firilen molehiya, servisi \u00e7ukur tabakta pilav ve tur\u015fuyla yap\u0131lan bir yemektir&#8230;.<\/p>\n","protected":false},"featured_media":20932,"comment_status":"open","ping_status":"closed","template":"","meta":{"_joinchat":[]},"product_brand":[],"product_cat":[310],"product_tag":[],"class_list":{"0":"post-20921","1":"product","2":"type-product","3":"status-publish","4":"has-post-thumbnail","6":"product_cat-gida-urunleri","8":"first","9":"outofstock","10":"sale","11":"shipping-taxable","12":"purchasable","13":"product-type-simple"},"etheme_brands":{"errors":{"invalid_taxonomy":["S\u0131n\u0131fland\u0131rma ge\u00e7ersiz."]},"error_data":[]},"_links":{"self":[{"href":"https:\/\/expert-int.com.nl\/tr\/wp-json\/wp\/v2\/product\/20921","targetHints":{"allow":["GET"]}}],"collection":[{"href":"https:\/\/expert-int.com.nl\/tr\/wp-json\/wp\/v2\/product"}],"about":[{"href":"https:\/\/expert-int.com.nl\/tr\/wp-json\/wp\/v2\/types\/product"}],"replies":[{"embeddable":true,"href":"https:\/\/expert-int.com.nl\/tr\/wp-json\/wp\/v2\/comments?post=20921"}],"version-history":[{"count":3,"href":"https:\/\/expert-int.com.nl\/tr\/wp-json\/wp\/v2\/product\/20921\/revisions"}],"predecessor-version":[{"id":20931,"href":"https:\/\/expert-int.com.nl\/tr\/wp-json\/wp\/v2\/product\/20921\/revisions\/20931"}],"wp:featuredmedia":[{"embeddable":true,"href":"https:\/\/expert-int.com.nl\/tr\/wp-json\/wp\/v2\/media\/20932"}],"wp:attachment":[{"href":"https:\/\/expert-int.com.nl\/tr\/wp-json\/wp\/v2\/media?parent=20921"}],"wp:term":[{"taxonomy":"product_brand","embeddable":true,"href":"https:\/\/expert-int.com.nl\/tr\/wp-json\/wp\/v2\/product_brand?post=20921"},{"taxonomy":"product_cat","embeddable":true,"href":"https:\/\/expert-int.com.nl\/tr\/wp-json\/wp\/v2\/product_cat?post=20921"},{"taxonomy":"product_tag","embeddable":true,"href":"https:\/\/expert-int.com.nl\/tr\/wp-json\/wp\/v2\/product_tag?post=20921"}],"curies":[{"name":"wp","href":"https:\/\/api.w.org\/{rel}","templated":true}]}}