{"id":20845,"date":"2024-03-09T16:18:41","date_gmt":"2024-03-09T13:18:41","guid":{"rendered":"https:\/\/aladeeb-coffee.com\/product\/karbonat-50-gram\/"},"modified":"2025-02-18T09:59:54","modified_gmt":"2025-02-18T06:59:54","slug":"karbonat-50-gram","status":"publish","type":"product","link":"https:\/\/expert-int.com.nl\/tr\/urun\/karbonat-50-gram\/","title":{"rendered":"Karbonat  50 gram"},"content":{"rendered":"<p>Karbonat\u00a0 50 gram<\/p>\n","protected":false},"excerpt":{"rendered":"<p>Karbonat\u00a0 50 gram<\/p>\n","protected":false},"featured_media":20842,"comment_status":"open","ping_status":"closed","template":"","meta":{"_joinchat":[]},"product_brand":[],"product_cat":[356],"product_tag":[],"class_list":{"0":"post-20845","1":"product","2":"type-product","3":"status-publish","4":"has-post-thumbnail","6":"product_cat-baharatlar","8":"first","9":"instock","10":"sale","11":"shipping-taxable","12":"purchasable","13":"product-type-simple"},"etheme_brands":{"errors":{"invalid_taxonomy":["S\u0131n\u0131fland\u0131rma ge\u00e7ersiz."]},"error_data":[]},"_links":{"self":[{"href":"https:\/\/expert-int.com.nl\/tr\/wp-json\/wp\/v2\/product\/20845","targetHints":{"allow":["GET"]}}],"collection":[{"href":"https:\/\/expert-int.com.nl\/tr\/wp-json\/wp\/v2\/product"}],"about":[{"href":"https:\/\/expert-int.com.nl\/tr\/wp-json\/wp\/v2\/types\/product"}],"replies":[{"embeddable":true,"href":"https:\/\/expert-int.com.nl\/tr\/wp-json\/wp\/v2\/comments?post=20845"}],"version-history":[{"count":2,"href":"https:\/\/expert-int.com.nl\/tr\/wp-json\/wp\/v2\/product\/20845\/revisions"}],"predecessor-version":[{"id":20913,"href":"https:\/\/expert-int.com.nl\/tr\/wp-json\/wp\/v2\/product\/20845\/revisions\/20913"}],"wp:featuredmedia":[{"embeddable":true,"href":"https:\/\/expert-int.com.nl\/tr\/wp-json\/wp\/v2\/media\/20842"}],"wp:attachment":[{"href":"https:\/\/expert-int.com.nl\/tr\/wp-json\/wp\/v2\/media?parent=20845"}],"wp:term":[{"taxonomy":"product_brand","embeddable":true,"href":"https:\/\/expert-int.com.nl\/tr\/wp-json\/wp\/v2\/product_brand?post=20845"},{"taxonomy":"product_cat","embeddable":true,"href":"https:\/\/expert-int.com.nl\/tr\/wp-json\/wp\/v2\/product_cat?post=20845"},{"taxonomy":"product_tag","embeddable":true,"href":"https:\/\/expert-int.com.nl\/tr\/wp-json\/wp\/v2\/product_tag?post=20845"}],"curies":[{"name":"wp","href":"https:\/\/api.w.org\/{rel}","templated":true}]}}