{"id":20666,"date":"2024-01-18T13:22:04","date_gmt":"2024-01-18T10:22:04","guid":{"rendered":"https:\/\/aladeeb-coffee.com\/product\/antep-fistigi-500-gram\/"},"modified":"2025-02-04T18:45:06","modified_gmt":"2025-02-04T15:45:06","slug":"antep-fistigi-500-gram","status":"publish","type":"product","link":"https:\/\/expert-int.com.nl\/tr\/urun\/antep-fistigi-500-gram\/","title":{"rendered":"S\u0130\u0130RT FISTI\u011eI 500 gram"},"content":{"rendered":"<p>S\u0130\u0130RT FISTI\u011eI 500 gram<\/p>\n","protected":false},"excerpt":{"rendered":"<p>S\u0130\u0130RT FISTI\u011eI 500 gram<\/p>\n","protected":false},"featured_media":20663,"comment_status":"open","ping_status":"closed","template":"","meta":{"_joinchat":[]},"product_brand":[],"product_cat":[352],"product_tag":[],"class_list":{"0":"post-20666","1":"product","2":"type-product","3":"status-publish","4":"has-post-thumbnail","6":"product_cat-kuru-yemis","8":"first","9":"instock","10":"sale","11":"shipping-taxable","12":"purchasable","13":"product-type-simple"},"etheme_brands":{"errors":{"invalid_taxonomy":["S\u0131n\u0131fland\u0131rma ge\u00e7ersiz."]},"error_data":[]},"_links":{"self":[{"href":"https:\/\/expert-int.com.nl\/tr\/wp-json\/wp\/v2\/product\/20666","targetHints":{"allow":["GET"]}}],"collection":[{"href":"https:\/\/expert-int.com.nl\/tr\/wp-json\/wp\/v2\/product"}],"about":[{"href":"https:\/\/expert-int.com.nl\/tr\/wp-json\/wp\/v2\/types\/product"}],"replies":[{"embeddable":true,"href":"https:\/\/expert-int.com.nl\/tr\/wp-json\/wp\/v2\/comments?post=20666"}],"version-history":[{"count":2,"href":"https:\/\/expert-int.com.nl\/tr\/wp-json\/wp\/v2\/product\/20666\/revisions"}],"predecessor-version":[{"id":20966,"href":"https:\/\/expert-int.com.nl\/tr\/wp-json\/wp\/v2\/product\/20666\/revisions\/20966"}],"wp:featuredmedia":[{"embeddable":true,"href":"https:\/\/expert-int.com.nl\/tr\/wp-json\/wp\/v2\/media\/20663"}],"wp:attachment":[{"href":"https:\/\/expert-int.com.nl\/tr\/wp-json\/wp\/v2\/media?parent=20666"}],"wp:term":[{"taxonomy":"product_brand","embeddable":true,"href":"https:\/\/expert-int.com.nl\/tr\/wp-json\/wp\/v2\/product_brand?post=20666"},{"taxonomy":"product_cat","embeddable":true,"href":"https:\/\/expert-int.com.nl\/tr\/wp-json\/wp\/v2\/product_cat?post=20666"},{"taxonomy":"product_tag","embeddable":true,"href":"https:\/\/expert-int.com.nl\/tr\/wp-json\/wp\/v2\/product_tag?post=20666"}],"curies":[{"name":"wp","href":"https:\/\/api.w.org\/{rel}","templated":true}]}}