{"id":20526,"date":"2024-01-18T09:03:49","date_gmt":"2024-01-18T06:03:49","guid":{"rendered":"https:\/\/aladeeb-coffee.com\/product\/soslu-cips-fistigi-500gram\/"},"modified":"2025-02-10T17:45:55","modified_gmt":"2025-02-10T14:45:55","slug":"soslu-cips-fistigi-500gram","status":"publish","type":"product","link":"https:\/\/expert-int.com.nl\/tr\/urun\/soslu-cips-fistigi-500gram\/","title":{"rendered":"SOSLU C\u0130PS FISTI\u011eI 500gram"},"content":{"rendered":"<p>SOSLU C\u0130PS FISTI\u011eI 500gram<\/p>\n","protected":false},"excerpt":{"rendered":"<p>SOSLU C\u0130PS FISTI\u011eI 500gram<\/p>\n","protected":false},"featured_media":20523,"comment_status":"open","ping_status":"closed","template":"","meta":{"_joinchat":[]},"product_brand":[],"product_cat":[352],"product_tag":[314],"class_list":{"0":"post-20526","1":"product","2":"type-product","3":"status-publish","4":"has-post-thumbnail","6":"product_cat-kuru-yemis","7":"product_tag--tr","9":"first","10":"instock","11":"sale","12":"shipping-taxable","13":"purchasable","14":"product-type-simple"},"etheme_brands":{"errors":{"invalid_taxonomy":["S\u0131n\u0131fland\u0131rma ge\u00e7ersiz."]},"error_data":[]},"_links":{"self":[{"href":"https:\/\/expert-int.com.nl\/tr\/wp-json\/wp\/v2\/product\/20526","targetHints":{"allow":["GET"]}}],"collection":[{"href":"https:\/\/expert-int.com.nl\/tr\/wp-json\/wp\/v2\/product"}],"about":[{"href":"https:\/\/expert-int.com.nl\/tr\/wp-json\/wp\/v2\/types\/product"}],"replies":[{"embeddable":true,"href":"https:\/\/expert-int.com.nl\/tr\/wp-json\/wp\/v2\/comments?post=20526"}],"version-history":[{"count":1,"href":"https:\/\/expert-int.com.nl\/tr\/wp-json\/wp\/v2\/product\/20526\/revisions"}],"predecessor-version":[{"id":20552,"href":"https:\/\/expert-int.com.nl\/tr\/wp-json\/wp\/v2\/product\/20526\/revisions\/20552"}],"wp:featuredmedia":[{"embeddable":true,"href":"https:\/\/expert-int.com.nl\/tr\/wp-json\/wp\/v2\/media\/20523"}],"wp:attachment":[{"href":"https:\/\/expert-int.com.nl\/tr\/wp-json\/wp\/v2\/media?parent=20526"}],"wp:term":[{"taxonomy":"product_brand","embeddable":true,"href":"https:\/\/expert-int.com.nl\/tr\/wp-json\/wp\/v2\/product_brand?post=20526"},{"taxonomy":"product_cat","embeddable":true,"href":"https:\/\/expert-int.com.nl\/tr\/wp-json\/wp\/v2\/product_cat?post=20526"},{"taxonomy":"product_tag","embeddable":true,"href":"https:\/\/expert-int.com.nl\/tr\/wp-json\/wp\/v2\/product_tag?post=20526"}],"curies":[{"name":"wp","href":"https:\/\/api.w.org\/{rel}","templated":true}]}}