{"id":20514,"date":"2024-01-18T08:59:13","date_gmt":"2024-01-18T05:59:13","guid":{"rendered":"https:\/\/aladeeb-coffee.com\/product\/kavrulmus-yerfistigi-500gram\/"},"modified":"2025-01-31T15:10:26","modified_gmt":"2025-01-31T12:10:26","slug":"kavrulmus-yerfistigi-500gram","status":"publish","type":"product","link":"https:\/\/expert-int.com.nl\/tr\/urun\/kavrulmus-yerfistigi-500gram\/","title":{"rendered":"KAVRULMU\u015e YERFISTI\u011eI 500gram"},"content":{"rendered":"<p>KAVRULMU\u015e YERFISTI\u011eI 500gram<\/p>\n","protected":false},"excerpt":{"rendered":"<p>KAVRULMU\u015e YERFISTI\u011eI 500gram<\/p>\n","protected":false},"featured_media":20511,"comment_status":"open","ping_status":"closed","template":"","meta":{"_joinchat":[]},"product_brand":[],"product_cat":[352],"product_tag":[314],"class_list":{"0":"post-20514","1":"product","2":"type-product","3":"status-publish","4":"has-post-thumbnail","6":"product_cat-kuru-yemis","7":"product_tag--tr","9":"first","10":"instock","11":"sale","12":"shipping-taxable","13":"purchasable","14":"product-type-simple"},"etheme_brands":{"errors":{"invalid_taxonomy":["S\u0131n\u0131fland\u0131rma ge\u00e7ersiz."]},"error_data":[]},"_links":{"self":[{"href":"https:\/\/expert-int.com.nl\/tr\/wp-json\/wp\/v2\/product\/20514","targetHints":{"allow":["GET"]}}],"collection":[{"href":"https:\/\/expert-int.com.nl\/tr\/wp-json\/wp\/v2\/product"}],"about":[{"href":"https:\/\/expert-int.com.nl\/tr\/wp-json\/wp\/v2\/types\/product"}],"replies":[{"embeddable":true,"href":"https:\/\/expert-int.com.nl\/tr\/wp-json\/wp\/v2\/comments?post=20514"}],"version-history":[{"count":1,"href":"https:\/\/expert-int.com.nl\/tr\/wp-json\/wp\/v2\/product\/20514\/revisions"}],"predecessor-version":[{"id":20562,"href":"https:\/\/expert-int.com.nl\/tr\/wp-json\/wp\/v2\/product\/20514\/revisions\/20562"}],"wp:featuredmedia":[{"embeddable":true,"href":"https:\/\/expert-int.com.nl\/tr\/wp-json\/wp\/v2\/media\/20511"}],"wp:attachment":[{"href":"https:\/\/expert-int.com.nl\/tr\/wp-json\/wp\/v2\/media?parent=20514"}],"wp:term":[{"taxonomy":"product_brand","embeddable":true,"href":"https:\/\/expert-int.com.nl\/tr\/wp-json\/wp\/v2\/product_brand?post=20514"},{"taxonomy":"product_cat","embeddable":true,"href":"https:\/\/expert-int.com.nl\/tr\/wp-json\/wp\/v2\/product_cat?post=20514"},{"taxonomy":"product_tag","embeddable":true,"href":"https:\/\/expert-int.com.nl\/tr\/wp-json\/wp\/v2\/product_tag?post=20514"}],"curies":[{"name":"wp","href":"https:\/\/api.w.org\/{rel}","templated":true}]}}