{"id":20506,"date":"2024-01-18T08:56:00","date_gmt":"2024-01-18T05:56:00","guid":{"rendered":"https:\/\/aladeeb-coffee.com\/product\/karpuz-cekirdegi-500gram\/"},"modified":"2025-02-17T08:47:09","modified_gmt":"2025-02-17T05:47:09","slug":"karpuz-cekirdegi-500gram","status":"publish","type":"product","link":"https:\/\/expert-int.com.nl\/tr\/urun\/karpuz-cekirdegi-500gram\/","title":{"rendered":"KARPUZ \u00c7EK\u0130RDE\u011e\u0130 500gram"},"content":{"rendered":"<p>KARPUZ \u00c7EK\u0130RDE\u011e\u0130 500gram<\/p>\n","protected":false},"excerpt":{"rendered":"<p>KARPUZ \u00c7EK\u0130RDE\u011e\u0130 500gram<\/p>\n","protected":false},"featured_media":20503,"comment_status":"open","ping_status":"closed","template":"","meta":{"_joinchat":[]},"product_brand":[],"product_cat":[352],"product_tag":[314],"class_list":{"0":"post-20506","1":"product","2":"type-product","3":"status-publish","4":"has-post-thumbnail","6":"product_cat-kuru-yemis","7":"product_tag--tr","9":"first","10":"instock","11":"sale","12":"shipping-taxable","13":"purchasable","14":"product-type-simple"},"etheme_brands":{"errors":{"invalid_taxonomy":["S\u0131n\u0131fland\u0131rma ge\u00e7ersiz."]},"error_data":[]},"_links":{"self":[{"href":"https:\/\/expert-int.com.nl\/tr\/wp-json\/wp\/v2\/product\/20506","targetHints":{"allow":["GET"]}}],"collection":[{"href":"https:\/\/expert-int.com.nl\/tr\/wp-json\/wp\/v2\/product"}],"about":[{"href":"https:\/\/expert-int.com.nl\/tr\/wp-json\/wp\/v2\/types\/product"}],"replies":[{"embeddable":true,"href":"https:\/\/expert-int.com.nl\/tr\/wp-json\/wp\/v2\/comments?post=20506"}],"version-history":[{"count":1,"href":"https:\/\/expert-int.com.nl\/tr\/wp-json\/wp\/v2\/product\/20506\/revisions"}],"predecessor-version":[{"id":20568,"href":"https:\/\/expert-int.com.nl\/tr\/wp-json\/wp\/v2\/product\/20506\/revisions\/20568"}],"wp:featuredmedia":[{"embeddable":true,"href":"https:\/\/expert-int.com.nl\/tr\/wp-json\/wp\/v2\/media\/20503"}],"wp:attachment":[{"href":"https:\/\/expert-int.com.nl\/tr\/wp-json\/wp\/v2\/media?parent=20506"}],"wp:term":[{"taxonomy":"product_brand","embeddable":true,"href":"https:\/\/expert-int.com.nl\/tr\/wp-json\/wp\/v2\/product_brand?post=20506"},{"taxonomy":"product_cat","embeddable":true,"href":"https:\/\/expert-int.com.nl\/tr\/wp-json\/wp\/v2\/product_cat?post=20506"},{"taxonomy":"product_tag","embeddable":true,"href":"https:\/\/expert-int.com.nl\/tr\/wp-json\/wp\/v2\/product_tag?post=20506"}],"curies":[{"name":"wp","href":"https:\/\/api.w.org\/{rel}","templated":true}]}}