{"id":20502,"date":"2024-01-18T08:54:20","date_gmt":"2024-01-18T05:54:20","guid":{"rendered":"https:\/\/aladeeb-coffee.com\/product\/kabak-cekirdegi-500gram\/"},"modified":"2025-02-16T12:10:47","modified_gmt":"2025-02-16T09:10:47","slug":"kabak-cekirdegi-500gram","status":"publish","type":"product","link":"https:\/\/expert-int.com.nl\/tr\/urun\/kabak-cekirdegi-500gram\/","title":{"rendered":"KABAK \u00c7EK\u0130RDE\u011e\u0130 500gram"},"content":{"rendered":"<p>KABAK \u00c7EK\u0130RDE\u011e\u0130 500gram<\/p>\n","protected":false},"excerpt":{"rendered":"<p>KABAK \u00c7EK\u0130RDE\u011e\u0130 500gram<\/p>\n","protected":false},"featured_media":20499,"comment_status":"open","ping_status":"closed","template":"","meta":{"_joinchat":[]},"product_brand":[],"product_cat":[352],"product_tag":[314],"class_list":{"0":"post-20502","1":"product","2":"type-product","3":"status-publish","4":"has-post-thumbnail","6":"product_cat-kuru-yemis","7":"product_tag--tr","9":"first","10":"outofstock","11":"sale","12":"shipping-taxable","13":"purchasable","14":"product-type-simple"},"etheme_brands":{"errors":{"invalid_taxonomy":["S\u0131n\u0131fland\u0131rma ge\u00e7ersiz."]},"error_data":[]},"_links":{"self":[{"href":"https:\/\/expert-int.com.nl\/tr\/wp-json\/wp\/v2\/product\/20502","targetHints":{"allow":["GET"]}}],"collection":[{"href":"https:\/\/expert-int.com.nl\/tr\/wp-json\/wp\/v2\/product"}],"about":[{"href":"https:\/\/expert-int.com.nl\/tr\/wp-json\/wp\/v2\/types\/product"}],"replies":[{"embeddable":true,"href":"https:\/\/expert-int.com.nl\/tr\/wp-json\/wp\/v2\/comments?post=20502"}],"version-history":[{"count":2,"href":"https:\/\/expert-int.com.nl\/tr\/wp-json\/wp\/v2\/product\/20502\/revisions"}],"predecessor-version":[{"id":20939,"href":"https:\/\/expert-int.com.nl\/tr\/wp-json\/wp\/v2\/product\/20502\/revisions\/20939"}],"wp:featuredmedia":[{"embeddable":true,"href":"https:\/\/expert-int.com.nl\/tr\/wp-json\/wp\/v2\/media\/20499"}],"wp:attachment":[{"href":"https:\/\/expert-int.com.nl\/tr\/wp-json\/wp\/v2\/media?parent=20502"}],"wp:term":[{"taxonomy":"product_brand","embeddable":true,"href":"https:\/\/expert-int.com.nl\/tr\/wp-json\/wp\/v2\/product_brand?post=20502"},{"taxonomy":"product_cat","embeddable":true,"href":"https:\/\/expert-int.com.nl\/tr\/wp-json\/wp\/v2\/product_cat?post=20502"},{"taxonomy":"product_tag","embeddable":true,"href":"https:\/\/expert-int.com.nl\/tr\/wp-json\/wp\/v2\/product_tag?post=20502"}],"curies":[{"name":"wp","href":"https:\/\/api.w.org\/{rel}","templated":true}]}}