{"id":20494,"date":"2024-01-18T08:47:19","date_gmt":"2024-01-18T05:47:19","guid":{"rendered":"https:\/\/aladeeb-coffee.com\/product\/kabak-cekirdegi-500-gram\/"},"modified":"2025-02-10T10:27:18","modified_gmt":"2025-02-10T07:27:18","slug":"kabak-cekirdegi-500-gram","status":"publish","type":"product","link":"https:\/\/expert-int.com.nl\/tr\/urun\/kabak-cekirdegi-500-gram\/","title":{"rendered":"BAL KABAK \u00c7EK\u0130RDE\u011e\u0130 500 gram"},"content":{"rendered":"<p>BAL KABAK \u00c7EK\u0130RDE\u011e\u0130 500 gram<\/p>\n","protected":false},"excerpt":{"rendered":"<p>BAL KABAK \u00c7EK\u0130RDE\u011e\u0130 500 gram<\/p>\n","protected":false},"featured_media":20491,"comment_status":"open","ping_status":"closed","template":"","meta":{"_joinchat":[]},"product_brand":[],"product_cat":[352],"product_tag":[314],"class_list":{"0":"post-20494","1":"product","2":"type-product","3":"status-publish","4":"has-post-thumbnail","6":"product_cat-kuru-yemis","7":"product_tag--tr","9":"first","10":"outofstock","11":"sale","12":"shipping-taxable","13":"purchasable","14":"product-type-simple"},"etheme_brands":{"errors":{"invalid_taxonomy":["S\u0131n\u0131fland\u0131rma ge\u00e7ersiz."]},"error_data":[]},"_links":{"self":[{"href":"https:\/\/expert-int.com.nl\/tr\/wp-json\/wp\/v2\/product\/20494","targetHints":{"allow":["GET"]}}],"collection":[{"href":"https:\/\/expert-int.com.nl\/tr\/wp-json\/wp\/v2\/product"}],"about":[{"href":"https:\/\/expert-int.com.nl\/tr\/wp-json\/wp\/v2\/types\/product"}],"replies":[{"embeddable":true,"href":"https:\/\/expert-int.com.nl\/tr\/wp-json\/wp\/v2\/comments?post=20494"}],"version-history":[{"count":2,"href":"https:\/\/expert-int.com.nl\/tr\/wp-json\/wp\/v2\/product\/20494\/revisions"}],"predecessor-version":[{"id":20914,"href":"https:\/\/expert-int.com.nl\/tr\/wp-json\/wp\/v2\/product\/20494\/revisions\/20914"}],"wp:featuredmedia":[{"embeddable":true,"href":"https:\/\/expert-int.com.nl\/tr\/wp-json\/wp\/v2\/media\/20491"}],"wp:attachment":[{"href":"https:\/\/expert-int.com.nl\/tr\/wp-json\/wp\/v2\/media?parent=20494"}],"wp:term":[{"taxonomy":"product_brand","embeddable":true,"href":"https:\/\/expert-int.com.nl\/tr\/wp-json\/wp\/v2\/product_brand?post=20494"},{"taxonomy":"product_cat","embeddable":true,"href":"https:\/\/expert-int.com.nl\/tr\/wp-json\/wp\/v2\/product_cat?post=20494"},{"taxonomy":"product_tag","embeddable":true,"href":"https:\/\/expert-int.com.nl\/tr\/wp-json\/wp\/v2\/product_tag?post=20494"}],"curies":[{"name":"wp","href":"https:\/\/api.w.org\/{rel}","templated":true}]}}