{"id":20482,"date":"2024-01-18T08:39:47","date_gmt":"2024-01-18T05:39:47","guid":{"rendered":"https:\/\/aladeeb-coffee.com\/product\/soslu-findik-500-gram\/"},"modified":"2025-02-22T16:38:47","modified_gmt":"2025-02-22T13:38:47","slug":"soslu-findik-500-gram","status":"publish","type":"product","link":"https:\/\/expert-int.com.nl\/tr\/urun\/soslu-findik-500-gram\/","title":{"rendered":"SOSLU FINDIK 500 gram"},"content":{"rendered":"<p>\u00a0 SOSLU FINDIK 500 gram<\/p>\n","protected":false},"excerpt":{"rendered":"<p>\u00a0 SOSLU FINDIK 500 gram<\/p>\n","protected":false},"featured_media":20479,"comment_status":"open","ping_status":"closed","template":"","meta":{"_joinchat":[]},"product_brand":[],"product_cat":[352],"product_tag":[314],"class_list":{"0":"post-20482","1":"product","2":"type-product","3":"status-publish","4":"has-post-thumbnail","6":"product_cat-kuru-yemis","7":"product_tag--tr","9":"first","10":"instock","11":"sale","12":"shipping-taxable","13":"purchasable","14":"product-type-simple"},"etheme_brands":{"errors":{"invalid_taxonomy":["S\u0131n\u0131fland\u0131rma ge\u00e7ersiz."]},"error_data":[]},"_links":{"self":[{"href":"https:\/\/expert-int.com.nl\/tr\/wp-json\/wp\/v2\/product\/20482","targetHints":{"allow":["GET"]}}],"collection":[{"href":"https:\/\/expert-int.com.nl\/tr\/wp-json\/wp\/v2\/product"}],"about":[{"href":"https:\/\/expert-int.com.nl\/tr\/wp-json\/wp\/v2\/types\/product"}],"replies":[{"embeddable":true,"href":"https:\/\/expert-int.com.nl\/tr\/wp-json\/wp\/v2\/comments?post=20482"}],"version-history":[{"count":3,"href":"https:\/\/expert-int.com.nl\/tr\/wp-json\/wp\/v2\/product\/20482\/revisions"}],"predecessor-version":[{"id":20755,"href":"https:\/\/expert-int.com.nl\/tr\/wp-json\/wp\/v2\/product\/20482\/revisions\/20755"}],"wp:featuredmedia":[{"embeddable":true,"href":"https:\/\/expert-int.com.nl\/tr\/wp-json\/wp\/v2\/media\/20479"}],"wp:attachment":[{"href":"https:\/\/expert-int.com.nl\/tr\/wp-json\/wp\/v2\/media?parent=20482"}],"wp:term":[{"taxonomy":"product_brand","embeddable":true,"href":"https:\/\/expert-int.com.nl\/tr\/wp-json\/wp\/v2\/product_brand?post=20482"},{"taxonomy":"product_cat","embeddable":true,"href":"https:\/\/expert-int.com.nl\/tr\/wp-json\/wp\/v2\/product_cat?post=20482"},{"taxonomy":"product_tag","embeddable":true,"href":"https:\/\/expert-int.com.nl\/tr\/wp-json\/wp\/v2\/product_tag?post=20482"}],"curies":[{"name":"wp","href":"https:\/\/api.w.org\/{rel}","templated":true}]}}