{"id":20426,"date":"2024-01-17T15:58:31","date_gmt":"2024-01-17T12:58:31","guid":{"rendered":"https:\/\/aladeeb-coffee.com\/product\/4-lu-karisik-kuruyemis-500-gram\/"},"modified":"2025-02-18T19:50:07","modified_gmt":"2025-02-18T16:50:07","slug":"4-lu-karisik-kuruyemis-500-gram","status":"publish","type":"product","link":"https:\/\/expert-int.com.nl\/tr\/urun\/4-lu-karisik-kuruyemis-500-gram\/","title":{"rendered":"4-L\u00dc KARI\u015eIK KURUYEM\u0130\u015e 500 gram"},"content":{"rendered":"<p>4-L\u00dc KARI\u015eIK KURUYEM\u0130\u015e 500 gram<\/p>\n","protected":false},"excerpt":{"rendered":"<p>4-L\u00dc KARI\u015eIK KURUYEM\u0130\u015e 500 gram<\/p>\n","protected":false},"featured_media":20423,"comment_status":"open","ping_status":"closed","template":"","meta":{"_joinchat":[]},"product_brand":[],"product_cat":[352],"product_tag":[314],"class_list":{"0":"post-20426","1":"product","2":"type-product","3":"status-publish","4":"has-post-thumbnail","6":"product_cat-kuru-yemis","7":"product_tag--tr","9":"first","10":"instock","11":"sale","12":"shipping-taxable","13":"purchasable","14":"product-type-simple"},"etheme_brands":{"errors":{"invalid_taxonomy":["S\u0131n\u0131fland\u0131rma ge\u00e7ersiz."]},"error_data":[]},"_links":{"self":[{"href":"https:\/\/expert-int.com.nl\/tr\/wp-json\/wp\/v2\/product\/20426","targetHints":{"allow":["GET"]}}],"collection":[{"href":"https:\/\/expert-int.com.nl\/tr\/wp-json\/wp\/v2\/product"}],"about":[{"href":"https:\/\/expert-int.com.nl\/tr\/wp-json\/wp\/v2\/types\/product"}],"replies":[{"embeddable":true,"href":"https:\/\/expert-int.com.nl\/tr\/wp-json\/wp\/v2\/comments?post=20426"}],"version-history":[{"count":4,"href":"https:\/\/expert-int.com.nl\/tr\/wp-json\/wp\/v2\/product\/20426\/revisions"}],"predecessor-version":[{"id":20688,"href":"https:\/\/expert-int.com.nl\/tr\/wp-json\/wp\/v2\/product\/20426\/revisions\/20688"}],"wp:featuredmedia":[{"embeddable":true,"href":"https:\/\/expert-int.com.nl\/tr\/wp-json\/wp\/v2\/media\/20423"}],"wp:attachment":[{"href":"https:\/\/expert-int.com.nl\/tr\/wp-json\/wp\/v2\/media?parent=20426"}],"wp:term":[{"taxonomy":"product_brand","embeddable":true,"href":"https:\/\/expert-int.com.nl\/tr\/wp-json\/wp\/v2\/product_brand?post=20426"},{"taxonomy":"product_cat","embeddable":true,"href":"https:\/\/expert-int.com.nl\/tr\/wp-json\/wp\/v2\/product_cat?post=20426"},{"taxonomy":"product_tag","embeddable":true,"href":"https:\/\/expert-int.com.nl\/tr\/wp-json\/wp\/v2\/product_tag?post=20426"}],"curies":[{"name":"wp","href":"https:\/\/api.w.org\/{rel}","templated":true}]}}