{"id":20328,"date":"2024-01-16T15:31:04","date_gmt":"2024-01-16T12:31:04","guid":{"rendered":"https:\/\/aladeeb-coffee.com\/product\/sumakli-kahvaltilik-zahter-2\/"},"modified":"2025-02-22T17:46:51","modified_gmt":"2025-02-22T14:46:51","slug":"sumakli-kahvaltilik-zahter-2","status":"publish","type":"product","link":"https:\/\/expert-int.com.nl\/tr\/urun\/sumakli-kahvaltilik-zahter-2\/","title":{"rendered":"SUMAKLI KAHVALTILIK ZAHTER 500G"},"content":{"rendered":"<p>L\u00dcKS KARI\u015eIM SUMAKLI\u00a0KAHVALITILIK ZAHTER 500G<\/p>\n","protected":false},"excerpt":{"rendered":"<p>L\u00dcKS KARI\u015eIM SUMAKLI\u00a0KAHVALITILIK ZAHTER 500G<\/p>\n","protected":false},"featured_media":20759,"comment_status":"open","ping_status":"closed","template":"","meta":{"_joinchat":[]},"product_brand":[],"product_cat":[310],"product_tag":[],"class_list":{"0":"post-20328","1":"product","2":"type-product","3":"status-publish","4":"has-post-thumbnail","6":"product_cat-gida-urunleri","8":"first","9":"instock","10":"sale","11":"shipping-taxable","12":"purchasable","13":"product-type-simple"},"etheme_brands":{"errors":{"invalid_taxonomy":["S\u0131n\u0131fland\u0131rma ge\u00e7ersiz."]},"error_data":[]},"_links":{"self":[{"href":"https:\/\/expert-int.com.nl\/tr\/wp-json\/wp\/v2\/product\/20328","targetHints":{"allow":["GET"]}}],"collection":[{"href":"https:\/\/expert-int.com.nl\/tr\/wp-json\/wp\/v2\/product"}],"about":[{"href":"https:\/\/expert-int.com.nl\/tr\/wp-json\/wp\/v2\/types\/product"}],"replies":[{"embeddable":true,"href":"https:\/\/expert-int.com.nl\/tr\/wp-json\/wp\/v2\/comments?post=20328"}],"version-history":[{"count":4,"href":"https:\/\/expert-int.com.nl\/tr\/wp-json\/wp\/v2\/product\/20328\/revisions"}],"predecessor-version":[{"id":20943,"href":"https:\/\/expert-int.com.nl\/tr\/wp-json\/wp\/v2\/product\/20328\/revisions\/20943"}],"wp:featuredmedia":[{"embeddable":true,"href":"https:\/\/expert-int.com.nl\/tr\/wp-json\/wp\/v2\/media\/20759"}],"wp:attachment":[{"href":"https:\/\/expert-int.com.nl\/tr\/wp-json\/wp\/v2\/media?parent=20328"}],"wp:term":[{"taxonomy":"product_brand","embeddable":true,"href":"https:\/\/expert-int.com.nl\/tr\/wp-json\/wp\/v2\/product_brand?post=20328"},{"taxonomy":"product_cat","embeddable":true,"href":"https:\/\/expert-int.com.nl\/tr\/wp-json\/wp\/v2\/product_cat?post=20328"},{"taxonomy":"product_tag","embeddable":true,"href":"https:\/\/expert-int.com.nl\/tr\/wp-json\/wp\/v2\/product_tag?post=20328"}],"curies":[{"name":"wp","href":"https:\/\/api.w.org\/{rel}","templated":true}]}}