{"id":20310,"date":"2024-01-16T15:18:12","date_gmt":"2024-01-16T12:18:12","guid":{"rendered":"https:\/\/aladeeb-coffee.com\/product\/falafel-harci\/"},"modified":"2025-02-22T17:50:02","modified_gmt":"2025-02-22T14:50:02","slug":"falafel-harci","status":"publish","type":"product","link":"https:\/\/expert-int.com.nl\/tr\/urun\/falafel-harci\/","title":{"rendered":"FALAFEL HARCI"},"content":{"rendered":"<p>M\u00dcKEMMEL TAT SAH\u0130B\u0130 ALADEEB FALAFEL HARCI<\/p>\n","protected":false},"excerpt":{"rendered":"<p>M\u00dcKEMMEL TAT SAH\u0130B\u0130 ALADEEB FALAFEL HARCI<\/p>\n","protected":false},"featured_media":20307,"comment_status":"open","ping_status":"closed","template":"","meta":{"_joinchat":[]},"product_brand":[],"product_cat":[310],"product_tag":[],"class_list":{"0":"post-20310","1":"product","2":"type-product","3":"status-publish","4":"has-post-thumbnail","6":"product_cat-gida-urunleri","8":"first","9":"instock","10":"sale","11":"shipping-taxable","12":"purchasable","13":"product-type-simple"},"etheme_brands":{"errors":{"invalid_taxonomy":["S\u0131n\u0131fland\u0131rma ge\u00e7ersiz."]},"error_data":[]},"_links":{"self":[{"href":"https:\/\/expert-int.com.nl\/tr\/wp-json\/wp\/v2\/product\/20310","targetHints":{"allow":["GET"]}}],"collection":[{"href":"https:\/\/expert-int.com.nl\/tr\/wp-json\/wp\/v2\/product"}],"about":[{"href":"https:\/\/expert-int.com.nl\/tr\/wp-json\/wp\/v2\/types\/product"}],"replies":[{"embeddable":true,"href":"https:\/\/expert-int.com.nl\/tr\/wp-json\/wp\/v2\/comments?post=20310"}],"version-history":[{"count":3,"href":"https:\/\/expert-int.com.nl\/tr\/wp-json\/wp\/v2\/product\/20310\/revisions"}],"predecessor-version":[{"id":20379,"href":"https:\/\/expert-int.com.nl\/tr\/wp-json\/wp\/v2\/product\/20310\/revisions\/20379"}],"wp:featuredmedia":[{"embeddable":true,"href":"https:\/\/expert-int.com.nl\/tr\/wp-json\/wp\/v2\/media\/20307"}],"wp:attachment":[{"href":"https:\/\/expert-int.com.nl\/tr\/wp-json\/wp\/v2\/media?parent=20310"}],"wp:term":[{"taxonomy":"product_brand","embeddable":true,"href":"https:\/\/expert-int.com.nl\/tr\/wp-json\/wp\/v2\/product_brand?post=20310"},{"taxonomy":"product_cat","embeddable":true,"href":"https:\/\/expert-int.com.nl\/tr\/wp-json\/wp\/v2\/product_cat?post=20310"},{"taxonomy":"product_tag","embeddable":true,"href":"https:\/\/expert-int.com.nl\/tr\/wp-json\/wp\/v2\/product_tag?post=20310"}],"curies":[{"name":"wp","href":"https:\/\/api.w.org\/{rel}","templated":true}]}}