{"id":20274,"date":"2024-01-16T14:39:58","date_gmt":"2024-01-16T11:39:58","guid":{"rendered":"https:\/\/aladeeb-coffee.com\/product\/mirra-kahve-750-ml-hazir-kahve-isit-ic\/"},"modified":"2025-02-22T15:05:12","modified_gmt":"2025-02-22T12:05:12","slug":"mirra-kahve-750-ml-hazir-kahve-isit-ic","status":"publish","type":"product","link":"https:\/\/expert-int.com.nl\/tr\/urun\/mirra-kahve-750-ml-hazir-kahve-isit-ic\/","title":{"rendered":"M\u0131rra Kahve 750 Ml Haz\u0131r Kahve Is\u0131t I\u00e7"},"content":{"rendered":"<p>MIRRA KAHVE 750 ML: Is\u0131tmadan \u00f6nce \u015fi\u015feyi iyice \u00e7alkalay\u0131n. M\u0131rraya tat vermesi amac\u0131yla kar\u0131\u015f\u0131ma kakule kat\u0131labilir. \u015fekersiz i\u00e7ildi\u011fi i\u00e7in haz\u0131rlan\u0131rken tatland\u0131r\u0131lmamaklad\u0131r.<\/p>\n","protected":false},"excerpt":{"rendered":"<p>MIRRA KAHVE 750 ML: Is\u0131tmadan \u00f6nce \u015fi\u015feyi iyice \u00e7alkalay\u0131n. M\u0131rraya tat vermesi amac\u0131yla kar\u0131\u015f\u0131ma kakule kat\u0131labilir. \u015fekersiz i\u00e7ildi\u011fi i\u00e7in haz\u0131rlan\u0131rken tatland\u0131r\u0131lmamaklad\u0131r.<\/p>\n","protected":false},"featured_media":20262,"comment_status":"open","ping_status":"closed","template":"","meta":{"_joinchat":[]},"product_brand":[],"product_cat":[330],"product_tag":[],"class_list":{"0":"post-20274","1":"product","2":"type-product","3":"status-publish","4":"has-post-thumbnail","6":"product_cat-mirra-kahvesi","8":"first","9":"instock","10":"sale","11":"shipping-taxable","12":"purchasable","13":"product-type-simple"},"etheme_brands":{"errors":{"invalid_taxonomy":["S\u0131n\u0131fland\u0131rma ge\u00e7ersiz."]},"error_data":[]},"_links":{"self":[{"href":"https:\/\/expert-int.com.nl\/tr\/wp-json\/wp\/v2\/product\/20274","targetHints":{"allow":["GET"]}}],"collection":[{"href":"https:\/\/expert-int.com.nl\/tr\/wp-json\/wp\/v2\/product"}],"about":[{"href":"https:\/\/expert-int.com.nl\/tr\/wp-json\/wp\/v2\/types\/product"}],"replies":[{"embeddable":true,"href":"https:\/\/expert-int.com.nl\/tr\/wp-json\/wp\/v2\/comments?post=20274"}],"version-history":[{"count":1,"href":"https:\/\/expert-int.com.nl\/tr\/wp-json\/wp\/v2\/product\/20274\/revisions"}],"predecessor-version":[{"id":20284,"href":"https:\/\/expert-int.com.nl\/tr\/wp-json\/wp\/v2\/product\/20274\/revisions\/20284"}],"wp:featuredmedia":[{"embeddable":true,"href":"https:\/\/expert-int.com.nl\/tr\/wp-json\/wp\/v2\/media\/20262"}],"wp:attachment":[{"href":"https:\/\/expert-int.com.nl\/tr\/wp-json\/wp\/v2\/media?parent=20274"}],"wp:term":[{"taxonomy":"product_brand","embeddable":true,"href":"https:\/\/expert-int.com.nl\/tr\/wp-json\/wp\/v2\/product_brand?post=20274"},{"taxonomy":"product_cat","embeddable":true,"href":"https:\/\/expert-int.com.nl\/tr\/wp-json\/wp\/v2\/product_cat?post=20274"},{"taxonomy":"product_tag","embeddable":true,"href":"https:\/\/expert-int.com.nl\/tr\/wp-json\/wp\/v2\/product_tag?post=20274"}],"curies":[{"name":"wp","href":"https:\/\/api.w.org\/{rel}","templated":true}]}}