{"id":20199,"date":"2024-01-16T13:20:09","date_gmt":"2024-01-16T10:20:09","guid":{"rendered":"https:\/\/aladeeb-coffee.com\/product\/sutlu-sicak-cikolata-icecek-tozu-24li-x-20g\/"},"modified":"2025-02-22T12:59:58","modified_gmt":"2025-02-22T09:59:58","slug":"sutlu-sicak-cikolata-icecek-tozu-24li-x-20g","status":"publish","type":"product","link":"https:\/\/expert-int.com.nl\/tr\/urun\/sutlu-sicak-cikolata-icecek-tozu-24li-x-20g\/","title":{"rendered":"S\u00fctl\u00fc S\u0131cak \u00c7ikolata \u0130\u00e7ecek Tozu 24li X 20g"},"content":{"rendered":"<p>S\u00fctl\u00fc S\u0131cak \u00c7ikolata \u0130\u00e7ecek Tozu 24li X 20g<\/p>\n","protected":false},"excerpt":{"rendered":"<p>S\u00fctl\u00fc S\u0131cak \u00c7ikolata \u0130\u00e7ecek Tozu 24li X 20g<\/p>\n","protected":false},"featured_media":20190,"comment_status":"open","ping_status":"closed","template":"","meta":{"_joinchat":[]},"product_brand":[],"product_cat":[317],"product_tag":[],"class_list":{"0":"post-20199","1":"product","2":"type-product","3":"status-publish","4":"has-post-thumbnail","6":"product_cat---tr","8":"first","9":"instock","10":"sale","11":"shipping-taxable","12":"purchasable","13":"product-type-simple"},"etheme_brands":{"errors":{"invalid_taxonomy":["S\u0131n\u0131fland\u0131rma ge\u00e7ersiz."]},"error_data":[]},"_links":{"self":[{"href":"https:\/\/expert-int.com.nl\/tr\/wp-json\/wp\/v2\/product\/20199","targetHints":{"allow":["GET"]}}],"collection":[{"href":"https:\/\/expert-int.com.nl\/tr\/wp-json\/wp\/v2\/product"}],"about":[{"href":"https:\/\/expert-int.com.nl\/tr\/wp-json\/wp\/v2\/types\/product"}],"replies":[{"embeddable":true,"href":"https:\/\/expert-int.com.nl\/tr\/wp-json\/wp\/v2\/comments?post=20199"}],"version-history":[{"count":1,"href":"https:\/\/expert-int.com.nl\/tr\/wp-json\/wp\/v2\/product\/20199\/revisions"}],"predecessor-version":[{"id":20210,"href":"https:\/\/expert-int.com.nl\/tr\/wp-json\/wp\/v2\/product\/20199\/revisions\/20210"}],"wp:featuredmedia":[{"embeddable":true,"href":"https:\/\/expert-int.com.nl\/tr\/wp-json\/wp\/v2\/media\/20190"}],"wp:attachment":[{"href":"https:\/\/expert-int.com.nl\/tr\/wp-json\/wp\/v2\/media?parent=20199"}],"wp:term":[{"taxonomy":"product_brand","embeddable":true,"href":"https:\/\/expert-int.com.nl\/tr\/wp-json\/wp\/v2\/product_brand?post=20199"},{"taxonomy":"product_cat","embeddable":true,"href":"https:\/\/expert-int.com.nl\/tr\/wp-json\/wp\/v2\/product_cat?post=20199"},{"taxonomy":"product_tag","embeddable":true,"href":"https:\/\/expert-int.com.nl\/tr\/wp-json\/wp\/v2\/product_tag?post=20199"}],"curies":[{"name":"wp","href":"https:\/\/api.w.org\/{rel}","templated":true}]}}