{"id":19714,"date":"2024-01-15T13:15:00","date_gmt":"2024-01-15T10:15:00","guid":{"rendered":"https:\/\/aladeeb-coffee.com\/product\/aladeeb-sutlu-sicak-cikolata-icecek-tozu-250g\/"},"modified":"2025-02-20T21:12:28","modified_gmt":"2025-02-20T18:12:28","slug":"aladeeb-sutlu-sicak-cikolata-icecek-tozu-250g","status":"publish","type":"product","link":"https:\/\/expert-int.com.nl\/tr\/urun\/aladeeb-sutlu-sicak-cikolata-icecek-tozu-250g\/","title":{"rendered":"ALADEEB S\u00dcTL\u00dc SICAK \u00c7\u0130KOLATA \u0130\u00c7ECEK TOZU 250G"},"content":{"rendered":"<p>ALADEEB S\u00dcTL\u00dc SICAK \u00c7\u0130KOLATA \u0130\u00c7ECEK TOZU 250G<\/p>\n","protected":false},"excerpt":{"rendered":"<p>ALADEEB S\u00dcTL\u00dc SICAK \u00c7\u0130KOLATA \u0130\u00c7ECEK TOZU 250G<\/p>\n","protected":false},"featured_media":19711,"comment_status":"open","ping_status":"closed","template":"","meta":{"_joinchat":[]},"product_brand":[],"product_cat":[317],"product_tag":[],"class_list":{"0":"post-19714","1":"product","2":"type-product","3":"status-publish","4":"has-post-thumbnail","6":"product_cat---tr","8":"first","9":"instock","10":"sale","11":"shipping-taxable","12":"purchasable","13":"product-type-simple"},"etheme_brands":{"errors":{"invalid_taxonomy":["S\u0131n\u0131fland\u0131rma ge\u00e7ersiz."]},"error_data":[]},"_links":{"self":[{"href":"https:\/\/expert-int.com.nl\/tr\/wp-json\/wp\/v2\/product\/19714","targetHints":{"allow":["GET"]}}],"collection":[{"href":"https:\/\/expert-int.com.nl\/tr\/wp-json\/wp\/v2\/product"}],"about":[{"href":"https:\/\/expert-int.com.nl\/tr\/wp-json\/wp\/v2\/types\/product"}],"replies":[{"embeddable":true,"href":"https:\/\/expert-int.com.nl\/tr\/wp-json\/wp\/v2\/comments?post=19714"}],"version-history":[{"count":1,"href":"https:\/\/expert-int.com.nl\/tr\/wp-json\/wp\/v2\/product\/19714\/revisions"}],"predecessor-version":[{"id":19715,"href":"https:\/\/expert-int.com.nl\/tr\/wp-json\/wp\/v2\/product\/19714\/revisions\/19715"}],"wp:featuredmedia":[{"embeddable":true,"href":"https:\/\/expert-int.com.nl\/tr\/wp-json\/wp\/v2\/media\/19711"}],"wp:attachment":[{"href":"https:\/\/expert-int.com.nl\/tr\/wp-json\/wp\/v2\/media?parent=19714"}],"wp:term":[{"taxonomy":"product_brand","embeddable":true,"href":"https:\/\/expert-int.com.nl\/tr\/wp-json\/wp\/v2\/product_brand?post=19714"},{"taxonomy":"product_cat","embeddable":true,"href":"https:\/\/expert-int.com.nl\/tr\/wp-json\/wp\/v2\/product_cat?post=19714"},{"taxonomy":"product_tag","embeddable":true,"href":"https:\/\/expert-int.com.nl\/tr\/wp-json\/wp\/v2\/product_tag?post=19714"}],"curies":[{"name":"wp","href":"https:\/\/api.w.org\/{rel}","templated":true}]}}