{"id":19684,"date":"2024-01-15T12:25:27","date_gmt":"2024-01-15T09:25:27","guid":{"rendered":"https:\/\/aladeeb-coffee.com\/product\/aladeeb-3u1-arada-sutlu-kopuklu-48li-x-18g\/"},"modified":"2025-02-15T13:56:19","modified_gmt":"2025-02-15T10:56:19","slug":"aladeeb-3u1-arada-sutlu-kopuklu-48li-x-18g","status":"publish","type":"product","link":"https:\/\/expert-int.com.nl\/tr\/urun\/aladeeb-3u1-arada-sutlu-kopuklu-48li-x-18g\/","title":{"rendered":"ALADEEB 3\u00fc1 arada S\u00fctl\u00fc K\u00f6p\u00fckl\u00fc 48li x 18g"},"content":{"rendered":"<p>3\u00dc1 ARADA S\u00dcTL\u00dc K\u00d6P\u00dcKL\u00dc Y\u00dcKSEK KAK\u0130TEL\u0130 \u00dcR\u00dcN 48L\u0130 X 18G<\/p>\n","protected":false},"excerpt":{"rendered":"<p>3\u00dc1 ARADA S\u00dcTL\u00dc K\u00d6P\u00dcKL\u00dc Y\u00dcKSEK KAK\u0130TEL\u0130 \u00dcR\u00dcN 48L\u0130 X 18G<\/p>\n","protected":false},"featured_media":19678,"comment_status":"open","ping_status":"closed","template":"","meta":{"_joinchat":[]},"product_brand":[],"product_cat":[333],"product_tag":[],"class_list":{"0":"post-19684","1":"product","2":"type-product","3":"status-publish","4":"has-post-thumbnail","6":"product_cat-3-u-1-arada","8":"first","9":"instock","10":"sale","11":"shipping-taxable","12":"purchasable","13":"product-type-simple"},"etheme_brands":{"errors":{"invalid_taxonomy":["S\u0131n\u0131fland\u0131rma ge\u00e7ersiz."]},"error_data":[]},"_links":{"self":[{"href":"https:\/\/expert-int.com.nl\/tr\/wp-json\/wp\/v2\/product\/19684","targetHints":{"allow":["GET"]}}],"collection":[{"href":"https:\/\/expert-int.com.nl\/tr\/wp-json\/wp\/v2\/product"}],"about":[{"href":"https:\/\/expert-int.com.nl\/tr\/wp-json\/wp\/v2\/types\/product"}],"replies":[{"embeddable":true,"href":"https:\/\/expert-int.com.nl\/tr\/wp-json\/wp\/v2\/comments?post=19684"}],"version-history":[{"count":1,"href":"https:\/\/expert-int.com.nl\/tr\/wp-json\/wp\/v2\/product\/19684\/revisions"}],"predecessor-version":[{"id":20037,"href":"https:\/\/expert-int.com.nl\/tr\/wp-json\/wp\/v2\/product\/19684\/revisions\/20037"}],"wp:featuredmedia":[{"embeddable":true,"href":"https:\/\/expert-int.com.nl\/tr\/wp-json\/wp\/v2\/media\/19678"}],"wp:attachment":[{"href":"https:\/\/expert-int.com.nl\/tr\/wp-json\/wp\/v2\/media?parent=19684"}],"wp:term":[{"taxonomy":"product_brand","embeddable":true,"href":"https:\/\/expert-int.com.nl\/tr\/wp-json\/wp\/v2\/product_brand?post=19684"},{"taxonomy":"product_cat","embeddable":true,"href":"https:\/\/expert-int.com.nl\/tr\/wp-json\/wp\/v2\/product_cat?post=19684"},{"taxonomy":"product_tag","embeddable":true,"href":"https:\/\/expert-int.com.nl\/tr\/wp-json\/wp\/v2\/product_tag?post=19684"}],"curies":[{"name":"wp","href":"https:\/\/api.w.org\/{rel}","templated":true}]}}