{"id":19672,"date":"2024-01-15T12:24:21","date_gmt":"2024-01-15T09:24:21","guid":{"rendered":"https:\/\/aladeeb-coffee.com\/product\/aladeeb-3u1-arada-findik-aromali-48li-x-18g\/"},"modified":"2025-02-22T13:20:13","modified_gmt":"2025-02-22T10:20:13","slug":"aladeeb-3u1-arada-findik-aromali-48li-x-18g","status":"publish","type":"product","link":"https:\/\/expert-int.com.nl\/tr\/urun\/aladeeb-3u1-arada-findik-aromali-48li-x-18g\/","title":{"rendered":"ALADEEB 3\u00dc1 ARADA FINDIK AROMALI 48li x 18g"},"content":{"rendered":"<p>3\u00dc1 ARADA FINDIK AROMALI Y\u00dcKSEK KAK\u0130TEL\u0130 \u00dcR\u00dcN 48X18G<\/p>\n","protected":false},"excerpt":{"rendered":"<p>3\u00dc1 ARADA FINDIK AROMALI Y\u00dcKSEK KAK\u0130TEL\u0130 \u00dcR\u00dcN 48X18G<\/p>\n","protected":false},"featured_media":19666,"comment_status":"open","ping_status":"closed","template":"","meta":{"_joinchat":[]},"product_brand":[],"product_cat":[333],"product_tag":[],"class_list":{"0":"post-19672","1":"product","2":"type-product","3":"status-publish","4":"has-post-thumbnail","6":"product_cat-3-u-1-arada","8":"first","9":"instock","10":"sale","11":"shipping-taxable","12":"purchasable","13":"product-type-simple"},"etheme_brands":{"errors":{"invalid_taxonomy":["S\u0131n\u0131fland\u0131rma ge\u00e7ersiz."]},"error_data":[]},"_links":{"self":[{"href":"https:\/\/expert-int.com.nl\/tr\/wp-json\/wp\/v2\/product\/19672","targetHints":{"allow":["GET"]}}],"collection":[{"href":"https:\/\/expert-int.com.nl\/tr\/wp-json\/wp\/v2\/product"}],"about":[{"href":"https:\/\/expert-int.com.nl\/tr\/wp-json\/wp\/v2\/types\/product"}],"replies":[{"embeddable":true,"href":"https:\/\/expert-int.com.nl\/tr\/wp-json\/wp\/v2\/comments?post=19672"}],"version-history":[{"count":1,"href":"https:\/\/expert-int.com.nl\/tr\/wp-json\/wp\/v2\/product\/19672\/revisions"}],"predecessor-version":[{"id":20040,"href":"https:\/\/expert-int.com.nl\/tr\/wp-json\/wp\/v2\/product\/19672\/revisions\/20040"}],"wp:featuredmedia":[{"embeddable":true,"href":"https:\/\/expert-int.com.nl\/tr\/wp-json\/wp\/v2\/media\/19666"}],"wp:attachment":[{"href":"https:\/\/expert-int.com.nl\/tr\/wp-json\/wp\/v2\/media?parent=19672"}],"wp:term":[{"taxonomy":"product_brand","embeddable":true,"href":"https:\/\/expert-int.com.nl\/tr\/wp-json\/wp\/v2\/product_brand?post=19672"},{"taxonomy":"product_cat","embeddable":true,"href":"https:\/\/expert-int.com.nl\/tr\/wp-json\/wp\/v2\/product_cat?post=19672"},{"taxonomy":"product_tag","embeddable":true,"href":"https:\/\/expert-int.com.nl\/tr\/wp-json\/wp\/v2\/product_tag?post=19672"}],"curies":[{"name":"wp","href":"https:\/\/api.w.org\/{rel}","templated":true}]}}