{"id":19664,"date":"2024-01-15T12:21:44","date_gmt":"2024-01-15T09:21:44","guid":{"rendered":"https:\/\/aladeeb-coffee.com\/product\/aladeeb-2si1-arada-48li-x-10g\/"},"modified":"2025-02-15T13:57:30","modified_gmt":"2025-02-15T10:57:30","slug":"aladeeb-2si1-arada-48li-x-10g","status":"publish","type":"product","link":"https:\/\/expert-int.com.nl\/tr\/urun\/aladeeb-2si1-arada-48li-x-10g\/","title":{"rendered":"ALADEEB 2S\u01301 ARADA 48li x 10g"},"content":{"rendered":"<p>2S\u01301 ARADA Y\u00dcKSEK KAK\u0130TEL\u0130 \u00dcR\u00dcN 48L\u0130 X 10G<\/p>\n","protected":false},"excerpt":{"rendered":"<p>2S\u01301 ARADA Y\u00dcKSEK KAK\u0130TEL\u0130 \u00dcR\u00dcN 48L\u0130 X 10G<\/p>\n","protected":false},"featured_media":19658,"comment_status":"open","ping_status":"closed","template":"","meta":{"_joinchat":[]},"product_brand":[],"product_cat":[333],"product_tag":[],"class_list":{"0":"post-19664","1":"product","2":"type-product","3":"status-publish","4":"has-post-thumbnail","6":"product_cat-3-u-1-arada","8":"first","9":"instock","10":"sale","11":"shipping-taxable","12":"purchasable","13":"product-type-simple"},"etheme_brands":{"errors":{"invalid_taxonomy":["S\u0131n\u0131fland\u0131rma ge\u00e7ersiz."]},"error_data":[]},"_links":{"self":[{"href":"https:\/\/expert-int.com.nl\/tr\/wp-json\/wp\/v2\/product\/19664","targetHints":{"allow":["GET"]}}],"collection":[{"href":"https:\/\/expert-int.com.nl\/tr\/wp-json\/wp\/v2\/product"}],"about":[{"href":"https:\/\/expert-int.com.nl\/tr\/wp-json\/wp\/v2\/types\/product"}],"replies":[{"embeddable":true,"href":"https:\/\/expert-int.com.nl\/tr\/wp-json\/wp\/v2\/comments?post=19664"}],"version-history":[{"count":1,"href":"https:\/\/expert-int.com.nl\/tr\/wp-json\/wp\/v2\/product\/19664\/revisions"}],"predecessor-version":[{"id":20044,"href":"https:\/\/expert-int.com.nl\/tr\/wp-json\/wp\/v2\/product\/19664\/revisions\/20044"}],"wp:featuredmedia":[{"embeddable":true,"href":"https:\/\/expert-int.com.nl\/tr\/wp-json\/wp\/v2\/media\/19658"}],"wp:attachment":[{"href":"https:\/\/expert-int.com.nl\/tr\/wp-json\/wp\/v2\/media?parent=19664"}],"wp:term":[{"taxonomy":"product_brand","embeddable":true,"href":"https:\/\/expert-int.com.nl\/tr\/wp-json\/wp\/v2\/product_brand?post=19664"},{"taxonomy":"product_cat","embeddable":true,"href":"https:\/\/expert-int.com.nl\/tr\/wp-json\/wp\/v2\/product_cat?post=19664"},{"taxonomy":"product_tag","embeddable":true,"href":"https:\/\/expert-int.com.nl\/tr\/wp-json\/wp\/v2\/product_tag?post=19664"}],"curies":[{"name":"wp","href":"https:\/\/api.w.org\/{rel}","templated":true}]}}