{"id":19636,"date":"2024-01-15T12:15:14","date_gmt":"2024-01-15T09:15:14","guid":{"rendered":"https:\/\/aladeeb-coffee.com\/product\/tarcinli-salep-icecek-tozu-24lu-x-17g\/"},"modified":"2025-02-22T12:59:43","modified_gmt":"2025-02-22T09:59:43","slug":"tarcinli-salep-icecek-tozu-24lu-x-17g","status":"publish","type":"product","link":"https:\/\/expert-int.com.nl\/tr\/urun\/tarcinli-salep-icecek-tozu-24lu-x-17g\/","title":{"rendered":"Tar\u00e7\u0131nl\u0131 Salep \u0130\u00e7ecek Tozu 24l\u00fc X 17g"},"content":{"rendered":"<p>ALADEEB TAR\u00c7INLI SAHLEP \u0130\u00c7ECEK TOZU (SALEP) 24L\u00dc X 17G<\/p>\n","protected":false},"excerpt":{"rendered":"<p>ALADEEB TAR\u00c7INLI SAHLEP \u0130\u00c7ECEK TOZU (SALEP) 24L\u00dc X 17G<\/p>\n","protected":false},"featured_media":19627,"comment_status":"open","ping_status":"closed","template":"","meta":{"_joinchat":[]},"product_brand":[],"product_cat":[317],"product_tag":[],"class_list":{"0":"post-19636","1":"product","2":"type-product","3":"status-publish","4":"has-post-thumbnail","6":"product_cat---tr","8":"first","9":"instock","10":"sale","11":"shipping-taxable","12":"purchasable","13":"product-type-simple"},"etheme_brands":{"errors":{"invalid_taxonomy":["S\u0131n\u0131fland\u0131rma ge\u00e7ersiz."]},"error_data":[]},"_links":{"self":[{"href":"https:\/\/expert-int.com.nl\/tr\/wp-json\/wp\/v2\/product\/19636","targetHints":{"allow":["GET"]}}],"collection":[{"href":"https:\/\/expert-int.com.nl\/tr\/wp-json\/wp\/v2\/product"}],"about":[{"href":"https:\/\/expert-int.com.nl\/tr\/wp-json\/wp\/v2\/types\/product"}],"replies":[{"embeddable":true,"href":"https:\/\/expert-int.com.nl\/tr\/wp-json\/wp\/v2\/comments?post=19636"}],"version-history":[{"count":1,"href":"https:\/\/expert-int.com.nl\/tr\/wp-json\/wp\/v2\/product\/19636\/revisions"}],"predecessor-version":[{"id":19647,"href":"https:\/\/expert-int.com.nl\/tr\/wp-json\/wp\/v2\/product\/19636\/revisions\/19647"}],"wp:featuredmedia":[{"embeddable":true,"href":"https:\/\/expert-int.com.nl\/tr\/wp-json\/wp\/v2\/media\/19627"}],"wp:attachment":[{"href":"https:\/\/expert-int.com.nl\/tr\/wp-json\/wp\/v2\/media?parent=19636"}],"wp:term":[{"taxonomy":"product_brand","embeddable":true,"href":"https:\/\/expert-int.com.nl\/tr\/wp-json\/wp\/v2\/product_brand?post=19636"},{"taxonomy":"product_cat","embeddable":true,"href":"https:\/\/expert-int.com.nl\/tr\/wp-json\/wp\/v2\/product_cat?post=19636"},{"taxonomy":"product_tag","embeddable":true,"href":"https:\/\/expert-int.com.nl\/tr\/wp-json\/wp\/v2\/product_tag?post=19636"}],"curies":[{"name":"wp","href":"https:\/\/api.w.org\/{rel}","templated":true}]}}