{"id":19612,"date":"2024-01-15T12:12:59","date_gmt":"2024-01-15T09:12:59","guid":{"rendered":"https:\/\/aladeeb-coffee.com\/product\/cikolata-aromali-kapucino-icecek-tozu-24li-x-20g\/"},"modified":"2025-02-20T12:18:16","modified_gmt":"2025-02-20T09:18:16","slug":"cikolata-aromali-kapucino-icecek-tozu-24li-x-20g","status":"publish","type":"product","link":"https:\/\/expert-int.com.nl\/tr\/urun\/cikolata-aromali-kapucino-icecek-tozu-24li-x-20g\/","title":{"rendered":"\u00c7ikolata Aromal\u0131 Kapu\u00e7ino I\u00e7ecek Tozu 24li X 20g"},"content":{"rendered":"<p>Y\u00dcKSEK KAL\u0130TEL\u0130 \u00c7\u0130KOLATA AROMALI KAPU\u00c7\u0130NO \u0130\u00d6ECEK TOZU 24L\u0130 X 20G<\/p>\n","protected":false},"excerpt":{"rendered":"<p>Y\u00dcKSEK KAL\u0130TEL\u0130 \u00c7\u0130KOLATA AROMALI KAPU\u00c7\u0130NO \u0130\u00d6ECEK TOZU 24L\u0130 X 20G<\/p>\n","protected":false},"featured_media":19606,"comment_status":"open","ping_status":"closed","template":"","meta":{"_joinchat":[]},"product_brand":[],"product_cat":[317],"product_tag":[],"class_list":{"0":"post-19612","1":"product","2":"type-product","3":"status-publish","4":"has-post-thumbnail","6":"product_cat---tr","8":"first","9":"instock","10":"sale","11":"shipping-taxable","12":"purchasable","13":"product-type-simple"},"etheme_brands":{"errors":{"invalid_taxonomy":["S\u0131n\u0131fland\u0131rma ge\u00e7ersiz."]},"error_data":[]},"_links":{"self":[{"href":"https:\/\/expert-int.com.nl\/tr\/wp-json\/wp\/v2\/product\/19612","targetHints":{"allow":["GET"]}}],"collection":[{"href":"https:\/\/expert-int.com.nl\/tr\/wp-json\/wp\/v2\/product"}],"about":[{"href":"https:\/\/expert-int.com.nl\/tr\/wp-json\/wp\/v2\/types\/product"}],"replies":[{"embeddable":true,"href":"https:\/\/expert-int.com.nl\/tr\/wp-json\/wp\/v2\/comments?post=19612"}],"version-history":[{"count":1,"href":"https:\/\/expert-int.com.nl\/tr\/wp-json\/wp\/v2\/product\/19612\/revisions"}],"predecessor-version":[{"id":20082,"href":"https:\/\/expert-int.com.nl\/tr\/wp-json\/wp\/v2\/product\/19612\/revisions\/20082"}],"wp:featuredmedia":[{"embeddable":true,"href":"https:\/\/expert-int.com.nl\/tr\/wp-json\/wp\/v2\/media\/19606"}],"wp:attachment":[{"href":"https:\/\/expert-int.com.nl\/tr\/wp-json\/wp\/v2\/media?parent=19612"}],"wp:term":[{"taxonomy":"product_brand","embeddable":true,"href":"https:\/\/expert-int.com.nl\/tr\/wp-json\/wp\/v2\/product_brand?post=19612"},{"taxonomy":"product_cat","embeddable":true,"href":"https:\/\/expert-int.com.nl\/tr\/wp-json\/wp\/v2\/product_cat?post=19612"},{"taxonomy":"product_tag","embeddable":true,"href":"https:\/\/expert-int.com.nl\/tr\/wp-json\/wp\/v2\/product_tag?post=19612"}],"curies":[{"name":"wp","href":"https:\/\/api.w.org\/{rel}","templated":true}]}}