{"id":19591,"date":"2024-01-15T11:54:49","date_gmt":"2024-01-15T08:54:49","guid":{"rendered":"https:\/\/aladeeb-coffee.com\/product\/%d9%82%d9%87%d9%88%d8%a9-%d9%85%d8%b1%d8%a9-%d8%ac%d8%a7%d9%87%d8%b2%d8%a9\/"},"modified":"2025-02-13T05:26:37","modified_gmt":"2025-02-13T02:26:37","slug":"%d9%82%d9%87%d9%88%d8%a9-%d9%85%d8%b1%d8%a9-%d8%ac%d8%a7%d9%87%d8%b2%d8%a9","status":"publish","type":"product","link":"https:\/\/expert-int.com.nl\/tr\/urun\/%d9%82%d9%87%d9%88%d8%a9-%d9%85%d8%b1%d8%a9-%d8%ac%d8%a7%d9%87%d8%b2%d8%a9\/","title":{"rendered":"M\u0131rra Kahve 250 Ml Haz\u0131r Kahve Is\u0131t I\u00e7"},"content":{"rendered":"<p>M\u0131rra Kahve 250 Ml Haz\u0131r Kahve Is\u0131t I\u00e7<\/p>\n","protected":false},"excerpt":{"rendered":"<p>M\u0131rra Kahve 250 Ml Haz\u0131r Kahve Is\u0131t I\u00e7<\/p>\n","protected":false},"featured_media":19585,"comment_status":"open","ping_status":"closed","template":"","meta":{"_joinchat":[]},"product_brand":[],"product_cat":[330],"product_tag":[],"class_list":{"0":"post-19591","1":"product","2":"type-product","3":"status-publish","4":"has-post-thumbnail","6":"product_cat-mirra-kahvesi","8":"first","9":"instock","10":"sale","11":"shipping-taxable","12":"purchasable","13":"product-type-simple"},"etheme_brands":{"errors":{"invalid_taxonomy":["S\u0131n\u0131fland\u0131rma ge\u00e7ersiz."]},"error_data":[]},"_links":{"self":[{"href":"https:\/\/expert-int.com.nl\/tr\/wp-json\/wp\/v2\/product\/19591","targetHints":{"allow":["GET"]}}],"collection":[{"href":"https:\/\/expert-int.com.nl\/tr\/wp-json\/wp\/v2\/product"}],"about":[{"href":"https:\/\/expert-int.com.nl\/tr\/wp-json\/wp\/v2\/types\/product"}],"replies":[{"embeddable":true,"href":"https:\/\/expert-int.com.nl\/tr\/wp-json\/wp\/v2\/comments?post=19591"}],"version-history":[{"count":1,"href":"https:\/\/expert-int.com.nl\/tr\/wp-json\/wp\/v2\/product\/19591\/revisions"}],"predecessor-version":[{"id":20275,"href":"https:\/\/expert-int.com.nl\/tr\/wp-json\/wp\/v2\/product\/19591\/revisions\/20275"}],"wp:featuredmedia":[{"embeddable":true,"href":"https:\/\/expert-int.com.nl\/tr\/wp-json\/wp\/v2\/media\/19585"}],"wp:attachment":[{"href":"https:\/\/expert-int.com.nl\/tr\/wp-json\/wp\/v2\/media?parent=19591"}],"wp:term":[{"taxonomy":"product_brand","embeddable":true,"href":"https:\/\/expert-int.com.nl\/tr\/wp-json\/wp\/v2\/product_brand?post=19591"},{"taxonomy":"product_cat","embeddable":true,"href":"https:\/\/expert-int.com.nl\/tr\/wp-json\/wp\/v2\/product_cat?post=19591"},{"taxonomy":"product_tag","embeddable":true,"href":"https:\/\/expert-int.com.nl\/tr\/wp-json\/wp\/v2\/product_tag?post=19591"}],"curies":[{"name":"wp","href":"https:\/\/api.w.org\/{rel}","templated":true}]}}