{"id":19584,"date":"2024-01-15T11:49:17","date_gmt":"2024-01-15T08:49:17","guid":{"rendered":"https:\/\/aladeeb-coffee.com\/product\/espresso-cekirdek-kahve-robusta-karisimi-1-kg\/"},"modified":"2025-02-22T16:40:00","modified_gmt":"2025-02-22T13:40:00","slug":"espresso-cekirdek-kahve-robusta-karisimi-1-kg","status":"publish","type":"product","link":"https:\/\/expert-int.com.nl\/tr\/urun\/espresso-cekirdek-kahve-robusta-karisimi-1-kg\/","title":{"rendered":"ESPRESSO \u00c7EK\u0130RDEK KAHVE ROBUSTA KARI\u015eIMI  1 KG"},"content":{"rendered":"<p>ESPRESSO \u00c7EK\u0130RDEK KAHVE ROBUSTA KARI\u015eIMI 1 KG<\/p>\n","protected":false},"excerpt":{"rendered":"<p>ESPRESSO \u00c7EK\u0130RDEK KAHVE 1 KG<\/p>\n","protected":false},"featured_media":19581,"comment_status":"open","ping_status":"closed","template":"","meta":{"_joinchat":[]},"product_brand":[],"product_cat":[287],"product_tag":[],"class_list":{"0":"post-19584","1":"product","2":"type-product","3":"status-publish","4":"has-post-thumbnail","6":"product_cat-espresso-kahve","8":"first","9":"instock","10":"sale","11":"shipping-taxable","12":"purchasable","13":"product-type-simple"},"etheme_brands":{"errors":{"invalid_taxonomy":["S\u0131n\u0131fland\u0131rma ge\u00e7ersiz."]},"error_data":[]},"_links":{"self":[{"href":"https:\/\/expert-int.com.nl\/tr\/wp-json\/wp\/v2\/product\/19584","targetHints":{"allow":["GET"]}}],"collection":[{"href":"https:\/\/expert-int.com.nl\/tr\/wp-json\/wp\/v2\/product"}],"about":[{"href":"https:\/\/expert-int.com.nl\/tr\/wp-json\/wp\/v2\/types\/product"}],"replies":[{"embeddable":true,"href":"https:\/\/expert-int.com.nl\/tr\/wp-json\/wp\/v2\/comments?post=19584"}],"version-history":[{"count":6,"href":"https:\/\/expert-int.com.nl\/tr\/wp-json\/wp\/v2\/product\/19584\/revisions"}],"predecessor-version":[{"id":20299,"href":"https:\/\/expert-int.com.nl\/tr\/wp-json\/wp\/v2\/product\/19584\/revisions\/20299"}],"wp:featuredmedia":[{"embeddable":true,"href":"https:\/\/expert-int.com.nl\/tr\/wp-json\/wp\/v2\/media\/19581"}],"wp:attachment":[{"href":"https:\/\/expert-int.com.nl\/tr\/wp-json\/wp\/v2\/media?parent=19584"}],"wp:term":[{"taxonomy":"product_brand","embeddable":true,"href":"https:\/\/expert-int.com.nl\/tr\/wp-json\/wp\/v2\/product_brand?post=19584"},{"taxonomy":"product_cat","embeddable":true,"href":"https:\/\/expert-int.com.nl\/tr\/wp-json\/wp\/v2\/product_cat?post=19584"},{"taxonomy":"product_tag","embeddable":true,"href":"https:\/\/expert-int.com.nl\/tr\/wp-json\/wp\/v2\/product_tag?post=19584"}],"curies":[{"name":"wp","href":"https:\/\/api.w.org\/{rel}","templated":true}]}}