{"id":19580,"date":"2024-01-15T11:48:08","date_gmt":"2024-01-15T08:48:08","guid":{"rendered":"https:\/\/aladeeb-coffee.com\/product\/aladeeb-damla-sakiz-aromali-turk-kahvesi-tek-icimlik-24-lu\/"},"modified":"2025-02-22T13:49:03","modified_gmt":"2025-02-22T10:49:03","slug":"aladeeb-damla-sakiz-aromali-turk-kahvesi-tek-icimlik-24-lu","status":"publish","type":"product","link":"https:\/\/expert-int.com.nl\/tr\/urun\/aladeeb-damla-sakiz-aromali-turk-kahvesi-tek-icimlik-24-lu\/","title":{"rendered":"ALADEEB DAMLA SAKIZ AROMALI T\u00dcRK KAHVES\u0130 TEK \u0130\u00c7\u0130ML\u0130K 24 L\u00dc"},"content":{"rendered":"<p>ALADEEB DAMLA SAKIZ AROMALI T\u00dcRK KAHVES\u0130 TEK \u0130\u00c7\u0130ML\u0130K 24 L\u00dc<\/p>\n","protected":false},"excerpt":{"rendered":"<p>ALADEEB DAMLA SAKIZ AROMALI T\u00dcRK KAHVES\u0130 TEK \u0130\u00c7\u0130ML\u0130K 24 L\u00dc<\/p>\n","protected":false},"featured_media":19577,"comment_status":"open","ping_status":"closed","template":"","meta":{"_joinchat":[]},"product_brand":[],"product_cat":[324],"product_tag":[],"class_list":{"0":"post-19580","1":"product","2":"type-product","3":"status-publish","4":"has-post-thumbnail","6":"product_cat-kahve-tr","8":"first","9":"instock","10":"sale","11":"shipping-taxable","12":"purchasable","13":"product-type-simple"},"etheme_brands":{"errors":{"invalid_taxonomy":["S\u0131n\u0131fland\u0131rma ge\u00e7ersiz."]},"error_data":[]},"_links":{"self":[{"href":"https:\/\/expert-int.com.nl\/tr\/wp-json\/wp\/v2\/product\/19580","targetHints":{"allow":["GET"]}}],"collection":[{"href":"https:\/\/expert-int.com.nl\/tr\/wp-json\/wp\/v2\/product"}],"about":[{"href":"https:\/\/expert-int.com.nl\/tr\/wp-json\/wp\/v2\/types\/product"}],"replies":[{"embeddable":true,"href":"https:\/\/expert-int.com.nl\/tr\/wp-json\/wp\/v2\/comments?post=19580"}],"version-history":[{"count":1,"href":"https:\/\/expert-int.com.nl\/tr\/wp-json\/wp\/v2\/product\/19580\/revisions"}],"predecessor-version":[{"id":20073,"href":"https:\/\/expert-int.com.nl\/tr\/wp-json\/wp\/v2\/product\/19580\/revisions\/20073"}],"wp:featuredmedia":[{"embeddable":true,"href":"https:\/\/expert-int.com.nl\/tr\/wp-json\/wp\/v2\/media\/19577"}],"wp:attachment":[{"href":"https:\/\/expert-int.com.nl\/tr\/wp-json\/wp\/v2\/media?parent=19580"}],"wp:term":[{"taxonomy":"product_brand","embeddable":true,"href":"https:\/\/expert-int.com.nl\/tr\/wp-json\/wp\/v2\/product_brand?post=19580"},{"taxonomy":"product_cat","embeddable":true,"href":"https:\/\/expert-int.com.nl\/tr\/wp-json\/wp\/v2\/product_cat?post=19580"},{"taxonomy":"product_tag","embeddable":true,"href":"https:\/\/expert-int.com.nl\/tr\/wp-json\/wp\/v2\/product_tag?post=19580"}],"curies":[{"name":"wp","href":"https:\/\/api.w.org\/{rel}","templated":true}]}}