{"id":19546,"date":"2024-01-15T11:30:48","date_gmt":"2024-01-15T08:30:48","guid":{"rendered":"https:\/\/aladeeb-coffee.com\/product\/aladeeb-kahvesi-500g-sade-turk-kahvesi-orta-ustu-kavrulmus\/"},"modified":"2025-02-15T11:39:03","modified_gmt":"2025-02-15T08:39:03","slug":"aladeeb-kahvesi-500g-sade-turk-kahvesi-orta-ustu-kavrulmus","status":"publish","type":"product","link":"https:\/\/expert-int.com.nl\/tr\/urun\/aladeeb-kahvesi-500g-sade-turk-kahvesi-orta-ustu-kavrulmus\/","title":{"rendered":"ALADEEB KAHVES\u0130 500G SADE T\u00dcRK KAHVES\u0130 (Orta \u00fcst\u00fc kavrulmu\u015f)"},"content":{"rendered":"<p>ALADEEB KAHVES\u0130 500G SADE T\u00dcRK KAHVES\u0130<\/p>\n","protected":false},"excerpt":{"rendered":"<p>ALADEEB KAHVES\u0130 500G SADE T\u00dcRK KAHVES\u0130<\/p>\n","protected":false},"featured_media":20733,"comment_status":"open","ping_status":"closed","template":"","meta":{"_joinchat":[]},"product_brand":[],"product_cat":[324],"product_tag":[],"class_list":{"0":"post-19546","1":"product","2":"type-product","3":"status-publish","4":"has-post-thumbnail","6":"product_cat-kahve-tr","8":"first","9":"instock","10":"sale","11":"shipping-taxable","12":"purchasable","13":"product-type-simple"},"etheme_brands":{"errors":{"invalid_taxonomy":["S\u0131n\u0131fland\u0131rma ge\u00e7ersiz."]},"error_data":[]},"_links":{"self":[{"href":"https:\/\/expert-int.com.nl\/tr\/wp-json\/wp\/v2\/product\/19546","targetHints":{"allow":["GET"]}}],"collection":[{"href":"https:\/\/expert-int.com.nl\/tr\/wp-json\/wp\/v2\/product"}],"about":[{"href":"https:\/\/expert-int.com.nl\/tr\/wp-json\/wp\/v2\/types\/product"}],"replies":[{"embeddable":true,"href":"https:\/\/expert-int.com.nl\/tr\/wp-json\/wp\/v2\/comments?post=19546"}],"version-history":[{"count":1,"href":"https:\/\/expert-int.com.nl\/tr\/wp-json\/wp\/v2\/product\/19546\/revisions"}],"predecessor-version":[{"id":20070,"href":"https:\/\/expert-int.com.nl\/tr\/wp-json\/wp\/v2\/product\/19546\/revisions\/20070"}],"wp:featuredmedia":[{"embeddable":true,"href":"https:\/\/expert-int.com.nl\/tr\/wp-json\/wp\/v2\/media\/20733"}],"wp:attachment":[{"href":"https:\/\/expert-int.com.nl\/tr\/wp-json\/wp\/v2\/media?parent=19546"}],"wp:term":[{"taxonomy":"product_brand","embeddable":true,"href":"https:\/\/expert-int.com.nl\/tr\/wp-json\/wp\/v2\/product_brand?post=19546"},{"taxonomy":"product_cat","embeddable":true,"href":"https:\/\/expert-int.com.nl\/tr\/wp-json\/wp\/v2\/product_cat?post=19546"},{"taxonomy":"product_tag","embeddable":true,"href":"https:\/\/expert-int.com.nl\/tr\/wp-json\/wp\/v2\/product_tag?post=19546"}],"curies":[{"name":"wp","href":"https:\/\/api.w.org\/{rel}","templated":true}]}}