{"id":19542,"date":"2024-01-15T11:29:47","date_gmt":"2024-01-15T08:29:47","guid":{"rendered":"https:\/\/aladeeb-coffee.com\/product\/aladeeb-kahvesi-500g-orta-kakuleli-turk-kahvesi\/"},"modified":"2025-02-16T19:22:30","modified_gmt":"2025-02-16T16:22:30","slug":"aladeeb-kahvesi-500g-orta-kakuleli-turk-kahvesi","status":"publish","type":"product","link":"https:\/\/expert-int.com.nl\/tr\/urun\/aladeeb-kahvesi-500g-orta-kakuleli-turk-kahvesi\/","title":{"rendered":"ALADEEB KAHVES\u0130 500G ORTA KAKULEL\u0130 T\u00dcRK KAHVES\u0130"},"content":{"rendered":"<p>ALADEEB KAHVES\u0130 500G ORTA KAKULEL\u0130 T\u00dcRK KAHVES\u0130<\/p>\n","protected":false},"excerpt":{"rendered":"<p>ALADEEB KAHVES\u0130 500G ORTA KAKULEL\u0130 T\u00dcRK KAHVES\u0130<\/p>\n","protected":false},"featured_media":20741,"comment_status":"open","ping_status":"closed","template":"","meta":{"_joinchat":[]},"product_brand":[],"product_cat":[324],"product_tag":[],"class_list":{"0":"post-19542","1":"product","2":"type-product","3":"status-publish","4":"has-post-thumbnail","6":"product_cat-kahve-tr","8":"first","9":"instock","10":"sale","11":"shipping-taxable","12":"purchasable","13":"product-type-simple"},"etheme_brands":{"errors":{"invalid_taxonomy":["S\u0131n\u0131fland\u0131rma ge\u00e7ersiz."]},"error_data":[]},"_links":{"self":[{"href":"https:\/\/expert-int.com.nl\/tr\/wp-json\/wp\/v2\/product\/19542","targetHints":{"allow":["GET"]}}],"collection":[{"href":"https:\/\/expert-int.com.nl\/tr\/wp-json\/wp\/v2\/product"}],"about":[{"href":"https:\/\/expert-int.com.nl\/tr\/wp-json\/wp\/v2\/types\/product"}],"replies":[{"embeddable":true,"href":"https:\/\/expert-int.com.nl\/tr\/wp-json\/wp\/v2\/comments?post=19542"}],"version-history":[{"count":1,"href":"https:\/\/expert-int.com.nl\/tr\/wp-json\/wp\/v2\/product\/19542\/revisions"}],"predecessor-version":[{"id":20058,"href":"https:\/\/expert-int.com.nl\/tr\/wp-json\/wp\/v2\/product\/19542\/revisions\/20058"}],"wp:featuredmedia":[{"embeddable":true,"href":"https:\/\/expert-int.com.nl\/tr\/wp-json\/wp\/v2\/media\/20741"}],"wp:attachment":[{"href":"https:\/\/expert-int.com.nl\/tr\/wp-json\/wp\/v2\/media?parent=19542"}],"wp:term":[{"taxonomy":"product_brand","embeddable":true,"href":"https:\/\/expert-int.com.nl\/tr\/wp-json\/wp\/v2\/product_brand?post=19542"},{"taxonomy":"product_cat","embeddable":true,"href":"https:\/\/expert-int.com.nl\/tr\/wp-json\/wp\/v2\/product_cat?post=19542"},{"taxonomy":"product_tag","embeddable":true,"href":"https:\/\/expert-int.com.nl\/tr\/wp-json\/wp\/v2\/product_tag?post=19542"}],"curies":[{"name":"wp","href":"https:\/\/api.w.org\/{rel}","templated":true}]}}