{"id":19523,"date":"2024-01-15T11:03:37","date_gmt":"2024-01-15T08:03:37","guid":{"rendered":"https:\/\/aladeeb-coffee.com\/product\/aladeeb-gold-hazir-kahve-2g-x-48-adet\/"},"modified":"2025-02-22T12:59:17","modified_gmt":"2025-02-22T09:59:17","slug":"aladeeb-gold-hazir-kahve-2g-x-48-adet","status":"publish","type":"product","link":"https:\/\/expert-int.com.nl\/tr\/urun\/aladeeb-gold-hazir-kahve-2g-x-48-adet\/","title":{"rendered":"ALADEEB GOLD HAZIR KAHVE 2G X 48 ADET"},"content":{"rendered":"<p>ALADEEB GOLD HAZIR KAHVE 2G X 48 ADET<\/p>\n","protected":false},"excerpt":{"rendered":"<p>ALADEEB GOLD HAZIR KAHVE 2G X 48 ADET<\/p>\n","protected":false},"featured_media":19520,"comment_status":"open","ping_status":"closed","template":"","meta":{"_joinchat":[]},"product_brand":[],"product_cat":[322],"product_tag":[],"class_list":{"0":"post-19523","1":"product","2":"type-product","3":"status-publish","4":"has-post-thumbnail","6":"product_cat----tr","8":"first","9":"instock","10":"sale","11":"shipping-taxable","12":"purchasable","13":"product-type-simple"},"etheme_brands":{"errors":{"invalid_taxonomy":["S\u0131n\u0131fland\u0131rma ge\u00e7ersiz."]},"error_data":[]},"_links":{"self":[{"href":"https:\/\/expert-int.com.nl\/tr\/wp-json\/wp\/v2\/product\/19523","targetHints":{"allow":["GET"]}}],"collection":[{"href":"https:\/\/expert-int.com.nl\/tr\/wp-json\/wp\/v2\/product"}],"about":[{"href":"https:\/\/expert-int.com.nl\/tr\/wp-json\/wp\/v2\/types\/product"}],"replies":[{"embeddable":true,"href":"https:\/\/expert-int.com.nl\/tr\/wp-json\/wp\/v2\/comments?post=19523"}],"version-history":[{"count":1,"href":"https:\/\/expert-int.com.nl\/tr\/wp-json\/wp\/v2\/product\/19523\/revisions"}],"predecessor-version":[{"id":20086,"href":"https:\/\/expert-int.com.nl\/tr\/wp-json\/wp\/v2\/product\/19523\/revisions\/20086"}],"wp:featuredmedia":[{"embeddable":true,"href":"https:\/\/expert-int.com.nl\/tr\/wp-json\/wp\/v2\/media\/19520"}],"wp:attachment":[{"href":"https:\/\/expert-int.com.nl\/tr\/wp-json\/wp\/v2\/media?parent=19523"}],"wp:term":[{"taxonomy":"product_brand","embeddable":true,"href":"https:\/\/expert-int.com.nl\/tr\/wp-json\/wp\/v2\/product_brand?post=19523"},{"taxonomy":"product_cat","embeddable":true,"href":"https:\/\/expert-int.com.nl\/tr\/wp-json\/wp\/v2\/product_cat?post=19523"},{"taxonomy":"product_tag","embeddable":true,"href":"https:\/\/expert-int.com.nl\/tr\/wp-json\/wp\/v2\/product_tag?post=19523"}],"curies":[{"name":"wp","href":"https:\/\/api.w.org\/{rel}","templated":true}]}}