{"id":18843,"date":"2023-05-02T21:43:17","date_gmt":"2023-05-02T18:43:17","guid":{"rendered":"https:\/\/aladeeb-coffee.com\/product\/aladeeb-kahve-kremasi-5gr-48-li-48x5gr\/"},"modified":"2025-02-04T13:46:26","modified_gmt":"2025-02-04T10:46:26","slug":"aladeeb-kahve-kremasi-5gr-48-li-48x5gr","status":"publish","type":"product","link":"https:\/\/expert-int.com.nl\/tr\/urun\/aladeeb-kahve-kremasi-5gr-48-li-48x5gr\/","title":{"rendered":"ALADEEB KAHVE KREMASI 5GR 48 L\u0130 (48X5GR)"},"content":{"rendered":"<p>ALADEEB KAHVE KREMASI 5GR 48 L\u0130 (48X5GR)<\/p>\n","protected":false},"excerpt":{"rendered":"<p>ALADEEB KAHVE KREMASI 5GR 48 L\u0130 (48X5GR)<\/p>\n","protected":false},"featured_media":19399,"comment_status":"open","ping_status":"closed","template":"","meta":{"_joinchat":[]},"product_brand":[],"product_cat":[287],"product_tag":[],"class_list":{"0":"post-18843","1":"product","2":"type-product","3":"status-publish","4":"has-post-thumbnail","6":"product_cat-espresso-kahve","8":"first","9":"instock","10":"sale","11":"shipping-taxable","12":"purchasable","13":"product-type-simple"},"etheme_brands":{"errors":{"invalid_taxonomy":["S\u0131n\u0131fland\u0131rma ge\u00e7ersiz."]},"error_data":[]},"_links":{"self":[{"href":"https:\/\/expert-int.com.nl\/tr\/wp-json\/wp\/v2\/product\/18843","targetHints":{"allow":["GET"]}}],"collection":[{"href":"https:\/\/expert-int.com.nl\/tr\/wp-json\/wp\/v2\/product"}],"about":[{"href":"https:\/\/expert-int.com.nl\/tr\/wp-json\/wp\/v2\/types\/product"}],"replies":[{"embeddable":true,"href":"https:\/\/expert-int.com.nl\/tr\/wp-json\/wp\/v2\/comments?post=18843"}],"version-history":[{"count":1,"href":"https:\/\/expert-int.com.nl\/tr\/wp-json\/wp\/v2\/product\/18843\/revisions"}],"predecessor-version":[{"id":18851,"href":"https:\/\/expert-int.com.nl\/tr\/wp-json\/wp\/v2\/product\/18843\/revisions\/18851"}],"wp:featuredmedia":[{"embeddable":true,"href":"https:\/\/expert-int.com.nl\/tr\/wp-json\/wp\/v2\/media\/19399"}],"wp:attachment":[{"href":"https:\/\/expert-int.com.nl\/tr\/wp-json\/wp\/v2\/media?parent=18843"}],"wp:term":[{"taxonomy":"product_brand","embeddable":true,"href":"https:\/\/expert-int.com.nl\/tr\/wp-json\/wp\/v2\/product_brand?post=18843"},{"taxonomy":"product_cat","embeddable":true,"href":"https:\/\/expert-int.com.nl\/tr\/wp-json\/wp\/v2\/product_cat?post=18843"},{"taxonomy":"product_tag","embeddable":true,"href":"https:\/\/expert-int.com.nl\/tr\/wp-json\/wp\/v2\/product_tag?post=18843"}],"curies":[{"name":"wp","href":"https:\/\/api.w.org\/{rel}","templated":true}]}}