{"id":16843,"date":"2021-02-24T12:27:20","date_gmt":"2021-02-24T09:27:20","guid":{"rendered":"https:\/\/aladeeb-coffee.com\/%d8%b3%d9%8a%d8%a7%d8%b3%d8%a9-%d8%a7%d9%84%d8%ae%d8%b5%d9%88%d8%b5%d9%8a%d8%a9\/"},"modified":"2021-05-26T14:44:22","modified_gmt":"2021-05-26T11:44:22","slug":"%d8%b3%d9%8a%d8%a7%d8%b3%d8%a9-%d8%a7%d9%84%d8%ae%d8%b5%d9%88%d8%b5%d9%8a%d8%a9","status":"publish","type":"page","link":"https:\/\/expert-int.com.nl\/tr\/%d8%b3%d9%8a%d8%a7%d8%b3%d8%a9-%d8%a7%d9%84%d8%ae%d8%b5%d9%88%d8%b5%d9%8a%d8%a9\/","title":{"rendered":"Gizlilik Politikas\u0131"},"content":{"rendered":"<p>Biz kimiz<br \/>Web sitemizin adresi: https:\/\/expert-int.com.nl.<\/p>\r\n<p>Hangi ki\u015fisel verileri topluyoruz ve neden topluyoruz?<br \/>Yorumlar (de\u011fi\u015ftir | kayna\u011f\u0131 de\u011fi\u015ftir)<br \/>Ziyaret\u00e7iler sitede yorum b\u0131rakt\u0131\u011f\u0131nda, yorum formunda g\u00f6sterilen verileri ve ayr\u0131ca istenmeyen yorum tespitine yard\u0131mc\u0131 olmak i\u00e7in ziyaret\u00e7inin IP adresini ve taray\u0131c\u0131 bilgisi metnini toplar\u0131z.<\/p>\r\n<p>E-posta adresinizden olu\u015fturulan anonim bir dize (karma olarak da adland\u0131r\u0131l\u0131r) Gravatar&#8217;a, onu kullan\u0131p kullanmad\u0131\u011f\u0131n\u0131z\u0131 g\u00f6rmek i\u00e7in sa\u011flanabilir. Gravatar hizmeti gizlilik politikas\u0131 burada mevcuttur: https:\/\/automattic.com\/privacy\/. Yorumunuzun onaylanmas\u0131ndan sonra profil resminiz yorumunuz ba\u011flam\u0131nda herkese g\u00f6r\u00fcn\u00fcr olacakt\u0131r.<\/p>\r\n<p>Medya<br \/>G\u00f6r\u00fcnt\u00fcleri web sitesine y\u00fcklerseniz, g\u00f6m\u00fcl\u00fc konum verileri (EXIF GPS) i\u00e7eren g\u00f6r\u00fcnt\u00fcleri y\u00fcklemekten ka\u00e7\u0131nmal\u0131s\u0131n\u0131z. Site ziyaret\u00e7ileri, sitedeki g\u00f6rsellerden herhangi bir site verisini indirip \u00e7\u0131karabilir.<\/p>\r\n<p>\u0130leti\u015fim formlar\u0131<br \/>Bisk\u00fcvi<br \/>Sitemize bir yorum b\u0131rak\u0131rsan\u0131z, ad\u0131n\u0131z\u0131, e-posta adresinizi ve web sitenizi \u00e7erezlere kaydetmeyi se\u00e7ebilirsiniz. Bunlar size kolayl\u0131k sa\u011flamak i\u00e7indir, b\u00f6ylece ba\u015fka bir yorum b\u0131rakt\u0131\u011f\u0131n\u0131zda bilgilerinizi tekrar doldurman\u0131z gerekmez. Bu \u00e7erezler bir y\u0131l s\u00fcrecek.<\/p>\r\n<p>Giri\u015f sayfam\u0131z\u0131 ziyaret ederseniz, taray\u0131c\u0131n\u0131z\u0131n \u00e7erezleri kabul edip etmedi\u011fini belirlemek i\u00e7in ge\u00e7ici bir \u00e7erez ayarlayaca\u011f\u0131z. Bu \u00e7erez ki\u015fisel veri i\u00e7ermez ve taray\u0131c\u0131n\u0131z\u0131 kapatt\u0131\u011f\u0131n\u0131zda dikkate al\u0131nmaz.<\/p>\r\n<p>Giri\u015f yapt\u0131\u011f\u0131n\u0131zda, giri\u015f bilgilerinizi ve ekran g\u00f6r\u00fcnt\u00fcleme se\u00e7eneklerinizi kaydetmek i\u00e7in birka\u00e7 \u00e7erez de ayarlayaca\u011f\u0131z. Giri\u015f \u00e7erezleri iki g\u00fcn, ekran se\u00e7enekleri \u00e7erezleri ise bir y\u0131l s\u00fcrer. &#8220;Beni hat\u0131rla&#8221; y\u0131 se\u00e7erseniz, oturum a\u00e7ma i\u015fleminiz iki hafta devam eder. Hesab\u0131n\u0131zdan \u00e7\u0131k\u0131\u015f yaparsan\u0131z, giri\u015f \u00e7erezleri kald\u0131r\u0131lacakt\u0131r.<\/p>\r\n<p>Bir makaleyi d\u00fczenler veya yay\u0131nlarsan\u0131z, taray\u0131c\u0131n\u0131za ek bir \u00e7erez kaydedilir. Bu \u00e7erez hi\u00e7bir ki\u015fisel veri i\u00e7ermez ve sadece d\u00fczenledi\u011finiz makalenin yaz\u0131 kimli\u011fini g\u00f6sterir. Bir g\u00fcn sonra sona erer.<\/p>\r\n<p>Di\u011fer web sitelerinden g\u00f6m\u00fcl\u00fc i\u00e7erik<br \/>Bu sitedeki makaleler g\u00f6m\u00fcl\u00fc i\u00e7erik (\u00f6r. Videolar, resimler, makaleler, vb.) I\u00e7erebilir. Di\u011fer web sitelerinden g\u00f6m\u00fclen i\u00e7erik, ziyaret\u00e7inin di\u011fer web sitesini ziyaret etmi\u015f gibi, tam olarak ayn\u0131 \u015fekilde davran\u0131r.<\/p>\r\n<p>Bu web siteleri sizin hakk\u0131n\u0131zda veri toplayabilir, tan\u0131mlama bilgileri kullanabilir, ek \u00fc\u00e7\u00fcnc\u00fc taraf izleme i\u00e7erebilir ve bir hesab\u0131n\u0131z varsa ve bu sitede oturum a\u00e7t\u0131ysan\u0131z, kat\u0131\u015ft\u0131r\u0131lm\u0131\u015f i\u00e7erikle etkile\u015fiminizi izleme dahil olmak \u00fczere bu kat\u0131\u015ft\u0131r\u0131lm\u0131\u015f i\u00e7erikle etkile\u015fiminizi izleyebilir.<\/p>\r\n<p>Analitik<br \/>Verilerinizi kiminle payla\u015f\u0131yoruz<br \/>Bir \u015fifre s\u0131f\u0131rlama talep ederseniz, IP adresiniz s\u0131f\u0131rlama e-postas\u0131na dahil edilecektir.<\/p>\r\n<p>Verilerinizi ne kadar s\u00fcre sakl\u0131yoruz<br \/>Bir yorum b\u0131rak\u0131rsan\u0131z, yorum ve meta verileri s\u00fcresiz olarak saklanacakt\u0131r. Bu, takip eden yorumlar\u0131 denetim kuyru\u011funda tutmak yerine otomatik olarak tan\u0131y\u0131p onaylayabilmemiz i\u00e7indir.<\/p>\r\n<p>Web sitemize kaydolan kullan\u0131c\u0131lar i\u00e7in (varsa), sa\u011flad\u0131klar\u0131 ki\u015fisel bilgileri de kullan\u0131c\u0131 profillerinde saklar\u0131z. T\u00fcm kullan\u0131c\u0131lar ki\u015fisel bilgilerini istedikleri zaman g\u00f6rebilir, de\u011fi\u015ftirebilir veya silebilir (kullan\u0131c\u0131 adlar\u0131n\u0131 de\u011fi\u015ftirememeleri d\u0131\u015f\u0131nda). Web sitesi y\u00f6neticileri de bu bilgileri g\u00f6rebilir ve d\u00fczenleyebilir.<\/p>\r\n<p>Verileriniz \u00fczerinde hangi haklara sahipsiniz<br \/>Bu sitede bir hesab\u0131n\u0131z varsa veya yorum b\u0131rakt\u0131ysan\u0131z, bize sa\u011flad\u0131\u011f\u0131n\u0131z veriler dahil olmak \u00fczere hakk\u0131n\u0131zda tuttu\u011fumuz ki\u015fisel verilerin d\u0131\u015fa aktar\u0131lm\u0131\u015f bir dosyas\u0131n\u0131 almay\u0131 talep edebilirsiniz. Ayr\u0131ca, hakk\u0131n\u0131zda tuttu\u011fumuz t\u00fcm ki\u015fisel verileri silmemizi de isteyebilirsiniz. Bu, idari, yasal veya g\u00fcvenlik ama\u00e7lar\u0131na uymak zorunda oldu\u011fumuz hi\u00e7bir veriyi i\u00e7ermez.<\/p>\r\n<p>Verilerinizi nereye g\u00f6nderiyoruz<br \/>Ziyaret\u00e7i yorumlar\u0131, otomatik bir spam alg\u0131lama hizmeti arac\u0131l\u0131\u011f\u0131yla kontrol edilebilir.<\/p>\r\n<p>\u0130leti\u015fim Bilgileriniz<br \/>Ek Bilgiler<br \/>Verilerinizi nas\u0131l koruyoruz<br \/>Hangi veri ihlali prosed\u00fcrlerimiz var?<br \/>Hangi \u00fc\u00e7\u00fcnc\u00fc \u015fah\u0131slardan veri al\u0131yoruz?<br \/>Kullan\u0131c\u0131 verileriyle ne t\u00fcr otomatik karar verme ve \/ veya profilleme yap\u0131yoruz?<br \/>Sekt\u00f6r d\u00fczenleyici a\u00e7\u0131klama gereksinimleri<\/p>","protected":false},"excerpt":{"rendered":"<p>Biz kimizWeb sitemizin adresi: https:\/\/expert-int.com.nl. Hangi ki\u015fisel verileri topluyoruz ve neden topluyoruz?Yorumlar (de\u011fi\u015ftir | kayna\u011f\u0131 de\u011fi\u015ftir)Ziyaret\u00e7iler sitede yorum b\u0131rakt\u0131\u011f\u0131nda, yorum formunda g\u00f6sterilen verileri ve ayr\u0131ca istenmeyen yorum tespitine yard\u0131mc\u0131 olmak i\u00e7in ziyaret\u00e7inin IP adresini ve taray\u0131c\u0131 bilgisi metnini toplar\u0131z. E-posta adresinizden olu\u015fturulan anonim bir dize&#8230;<\/p>\n","protected":false},"author":1,"featured_media":0,"parent":0,"menu_order":0,"comment_status":"closed","ping_status":"closed","template":"","meta":{"_joinchat":[],"footnotes":""},"class_list":["post-16843","page","type-page","status-publish","hentry"],"_links":{"self":[{"href":"https:\/\/expert-int.com.nl\/tr\/wp-json\/wp\/v2\/pages\/16843","targetHints":{"allow":["GET"]}}],"collection":[{"href":"https:\/\/expert-int.com.nl\/tr\/wp-json\/wp\/v2\/pages"}],"about":[{"href":"https:\/\/expert-int.com.nl\/tr\/wp-json\/wp\/v2\/types\/page"}],"author":[{"embeddable":true,"href":"https:\/\/expert-int.com.nl\/tr\/wp-json\/wp\/v2\/users\/1"}],"replies":[{"embeddable":true,"href":"https:\/\/expert-int.com.nl\/tr\/wp-json\/wp\/v2\/comments?post=16843"}],"version-history":[{"count":0,"href":"https:\/\/expert-int.com.nl\/tr\/wp-json\/wp\/v2\/pages\/16843\/revisions"}],"wp:attachment":[{"href":"https:\/\/expert-int.com.nl\/tr\/wp-json\/wp\/v2\/media?parent=16843"}],"curies":[{"name":"wp","href":"https:\/\/api.w.org\/{rel}","templated":true}]}}